{"id":255842,"date":"2024-10-22T07:29:34","date_gmt":"2024-10-22T10:29:34","guid":{"rendered":"https:\/\/viewbuenosaires.com\/privacy-cookie-policy\/"},"modified":"2025-03-29T12:46:40","modified_gmt":"2025-03-29T15:46:40","slug":"politica-privacidad-cookies","status":"publish","type":"page","link":"https:\/\/viewbuenosaires.com\/es\/politica-privacidad-cookies\/","title":{"rendered":"Pol\u00edtica de privacidad y cookies"},"content":{"rendered":"<p>[et_pb_section fb_built=\u00bb1&#8243; admin_label=\u00bbHero\u00bb _builder_version=\u00bb4.27.2&#8243; _module_preset=\u00bbdefault\u00bb background_color=\u00bbrgba(0,0,0,0.2)\u00bb background_image=\u00bbhttps:\/\/viewbuenosaires.com\/wp-content\/uploads\/2024\/11\/main.jpg\u00bb background_last_edited=\u00bbon|phone\u00bb background_image_phone=\u00bbhttps:\/\/viewbuenosaires.com\/wp-content\/uploads\/2024\/11\/main-mobile.jpg\u00bb background_enable_image_phone=\u00bbon\u00bb global_colors_info=\u00bb{}\u00bb][et_pb_row custom_padding_last_edited=\u00bbon|desktop\u00bb _builder_version=\u00bb4.27.2&#8243; _module_preset=\u00bbdefault\u00bb custom_padding=\u00bb100px||100px||true|false\u00bb custom_padding_tablet=\u00bb50px||50px||false|false\u00bb custom_padding_phone=\u00bb40px||40px||false|false\u00bb global_colors_info=\u00bb{}\u00bb][et_pb_column type=\u00bb4_4&#8243; _builder_version=\u00bb4.27.2&#8243; _module_preset=\u00bbdefault\u00bb global_colors_info=\u00bb{}\u00bb][et_pb_text admin_label=\u00bbTitles\u00bb module_class=\u00bbhero\u00bb _builder_version=\u00bb4.27.4&#8243; _module_preset=\u00bbdefault\u00bb header_font=\u00bb|700|||||||\u00bb header_font_size=\u00bb64px\u00bb header_line_height=\u00bb1.1em\u00bb header_3_font=\u00bb|300||on|||||\u00bb header_3_font_size=\u00bb28px\u00bb header_3_letter_spacing=\u00bb2px\u00bb header_3_line_height=\u00bb1.2em\u00bb text_orientation=\u00bbcenter\u00bb background_layout=\u00bbdark\u00bb header_font_size_tablet=\u00bb54px\u00bb header_font_size_phone=\u00bb48px\u00bb header_font_size_last_edited=\u00bbon|phone\u00bb header_3_font_size_tablet=\u00bb26px\u00bb header_3_font_size_phone=\u00bb24px\u00bb header_3_font_size_last_edited=\u00bbon|phone\u00bb global_colors_info=\u00bb{}\u00bb]<\/p>\n<h1><strong>Pol\u00edtica de privacidad y cookies\u00a0<\/strong><\/h1>\n<p>[\/et_pb_text][\/et_pb_column][\/et_pb_row][\/et_pb_section][et_pb_section fb_built=\u00bb1&#8243; admin_label=\u00bbInformation text\u00bb module_class=\u00bbcategory\u00bb _builder_version=\u00bb4.27.2&#8243; _module_preset=\u00bbdefault\u00bb background_enable_color=\u00bboff\u00bb locked=\u00bboff\u00bb global_colors_info=\u00bb{}\u00bb][et_pb_row custom_padding_last_edited=\u00bbon|tablet\u00bb _builder_version=\u00bb4.27.2&#8243; _module_preset=\u00bbdefault\u00bb custom_padding=\u00bb0px|250px||250px|false|true\u00bb custom_padding_tablet=\u00bb|0px||0px|false|true\u00bb custom_padding_phone=\u00bb|0px||0px|false|true\u00bb global_colors_info=\u00bb{}\u00bb][et_pb_column type=\u00bb4_4&#8243; _builder_version=\u00bb4.27.2&#8243; _module_preset=\u00bbdefault\u00bb global_colors_info=\u00bb{}\u00bb][et_pb_text module_class=\u00bbcategory content\u00bb _builder_version=\u00bb4.27.4&#8243; _module_preset=\u00bbdefault\u00bb ul_line_height=\u00bb1.5em\u00bb header_2_font=\u00bb|700|||||||\u00bb header_2_font_size=\u00bb48px\u00bb header_2_line_height=\u00bb1.2em\u00bb header_2_font_size_tablet=\u00bb42px\u00bb header_2_font_size_phone=\u00bb36px\u00bb header_2_font_size_last_edited=\u00bbon|desktop\u00bb global_colors_info=\u00bb{}\u00bb]<\/p>\n<p><span style=\"font-weight: 400;\">View Buenos Aires respeta su privacidad y el derecho a controlar su informaci\u00f3n personal. Seremos transparentes sobre la informaci\u00f3n que recopilamos, el motivo de su recopilaci\u00f3n y la protegeremos de la manera m\u00e1s segura posible.<\/span><\/p>\n<p><span style=\"font-weight: 400;\">View Buenos Aires maneja su informaci\u00f3n personal principalmente para cumplir con nuestras obligaciones hacia usted. Nuestra intenci\u00f3n es no almacenar m\u00e1s informaci\u00f3n personal de la necesaria para dicho prop\u00f3sito. Siempre tiene derecho a solicitar acceso, correcci\u00f3n o eliminaci\u00f3n de sus datos personales.<\/span><\/p>\n<h2><strong>\u00bfQu\u00e9 informaci\u00f3n recopilamos y por qu\u00e9?<\/strong><\/h2>\n<hr \/>\n<p><span style=\"font-weight: 400;\">En lo que respecta a los visitantes del sitio web, principalmente recopilamos su informaci\u00f3n para ofrecerle una mejor experiencia en nuestro sitio. Adem\u00e1s, manejamos algunos de tus datos para promocionar servicios que creemos pueden interesarte. En cuanto a nuestros clientes, guardamos informaci\u00f3n para gestionar y ofrecer nuestros servicios. Esto tambi\u00e9n implica que debemos conservar ciertos datos sobre los pedidos de nuestros clientes durante varios a\u00f1os debido a requisitos legales.<\/span><\/p>\n<h2><strong>Informaci\u00f3n que nos proporcion\u00e1s<\/strong><\/h2>\n<hr \/>\n<ul>\n<li style=\"font-weight: 400;\" aria-level=\"1\"><span style=\"font-weight: 400;\">\u00a0Cuando solicit\u00e1s nuestros servicios: nombre, n\u00famero de identidad corporativa, direcci\u00f3n, direcci\u00f3n de correo electr\u00f3nico y n\u00famero de tel\u00e9fono.<\/span><\/li>\n<li style=\"font-weight: 400;\" aria-level=\"1\"><span style=\"font-weight: 400;\">\u00a0Cuando te comunic\u00e1s con nosotros: interacci\u00f3n a trav\u00e9s de correo electr\u00f3nico.<\/span><\/li>\n<\/ul>\n<h2><strong>Informaci\u00f3n que recopilamos sobre vos<\/strong><\/h2>\n<hr \/>\n<p><span style=\"font-weight: 400;\">Al visitar nuestro sitio web, rastreamos su actividad con Google Analytics y podemos utilizarla con fines de marketing. Por ejemplo, cuando visit\u00e1s nuestro sitio, rastreamos datos de tr\u00e1fico, ubicaci\u00f3n geogr\u00e1fica, direcci\u00f3n IP, tipo de dispositivo, sistema operativo y tipo de navegador utilizado.<\/span><\/p>\n<h2><strong>Motivos y duraci\u00f3n del almacenamiento de tu informaci\u00f3n<\/strong><\/h2>\n<hr \/>\n<p><span style=\"font-weight: 400;\">Para poder ofrecerte servicios o dar seguimiento a asuntos de atenci\u00f3n al cliente, necesitamos recopilar algunos de tus datos personales. A continuaci\u00f3n, describimos el prop\u00f3sito de la recopilaci\u00f3n de datos, c\u00f3mo se utilizan, las razones de su uso y cu\u00e1nto tiempo guardamos la informaci\u00f3n.<\/span><\/p>\n<ul>\n<li><b>Administraci\u00f3n de su pedido y entrega de servicios\u00a0 <\/b><span style=\"font-weight: 400;\">Procesamos tu informaci\u00f3n personal para gestionar su pedido y luego ofrecerte nuestros servicios. Los datos se almacenan en nuestro archivo de clientes y esto es necesario debido al contrato. Los conservamos mientras permanezc\u00e1s como nuestro cliente.<\/span><\/li>\n<li><b>Informaci\u00f3n y Datos de Gestion provenientes de atenci\u00f3n al cliente<\/b> <span style=\"font-weight: 400;\">Procesamos tu informaci\u00f3n personal para realizar y gestionar asuntos de atenci\u00f3n al cliente. Los datos se guardan en nuestra aplicaci\u00f3n de correo electr\u00f3nico Outlook y esto es necesario debido a un contrato previo. Mantenemos los datos durante 3 a\u00f1os.<\/span><\/li>\n<li><b>Contabilidad de transacciones<\/b><br \/><span style=\"font-weight: 400;\">Procesamos tu informaci\u00f3n personal para la contabilidad y el registro de transacciones. Los datos se almacenan en nuestro sistema contable debido a obligaciones legales. Conservamos la informaci\u00f3n durante 7 a\u00f1os.<\/span><\/li>\n<\/ul>\n<h2><strong>Uso de la informaci\u00f3n recopilada<\/strong><\/h2>\n<hr \/>\n<p><span style=\"font-weight: 400;\">View Buenos Aires recopila y almacena informaci\u00f3n personal principalmente para los siguientes prop\u00f3sitos:<\/span><\/p>\n<ul>\n<li style=\"font-weight: 400;\" aria-level=\"1\"><span style=\"font-weight: 400;\">Para cumplir con los pedidos de los servicios ofrecidos por View Buenos Aires.<\/span><\/li>\n<li style=\"font-weight: 400;\" aria-level=\"1\"><span style=\"font-weight: 400;\">Para ofrecer un buen servicio al cliente, c\u00f3mo gestionar sus consultas y corregir datos incorrectos.<\/span><\/li>\n<li style=\"font-weight: 400;\" aria-level=\"1\"><span style=\"font-weight: 400;\">Para la administraci\u00f3n del sistema y la obtenci\u00f3n de datos estad\u00edsticos sobre el comportamiento y patrones de nuestros visitantes. Esto no identifica a una persona individual, sino que se presenta a nivel agregado.<\/span><\/li>\n<li style=\"font-weight: 400;\" aria-level=\"1\"><span style=\"font-weight: 400;\">Para analizar y mejorar nuestro sitio web mediante el an\u00e1lisis de su comportamiento en el mismo.<\/span><\/li>\n<li style=\"font-weight: 400;\" aria-level=\"1\"><span style=\"font-weight: 400;\">Para proporcionarle recomendaciones y ofertas relevantes basadas en lo que otros con comportamientos similares han mostrado inter\u00e9s y en lo que usted ha explorado.<\/span><\/li>\n<li style=\"font-weight: 400;\" aria-level=\"1\"><span style=\"font-weight: 400;\">Para ayudarnos a desarrollar nuestro sitio para que sea m\u00e1s \u00fatil y mejorar su experiencia como usuario personalizando la visualizaci\u00f3n del sitio seg\u00fan el dispositivo utilizado.<\/span><\/li>\n<li style=\"font-weight: 400;\" aria-level=\"1\"><span style=\"font-weight: 400;\">Para enviar mensajes importantes sobre cambios en nuestros t\u00e9rminos y pol\u00edticas.<\/span><\/li>\n<\/ul>\n<h2><strong>Uso de informaci\u00f3n personal por terceros<\/strong><\/h2>\n<hr \/>\n<p><span style=\"font-weight: 400;\">Nuestra intenci\u00f3n es nunca compartir su informaci\u00f3n personal con terceros, a menos que nos autoric\u00e9s o sea necesario para cumplir con nuestras obligaciones contractuales o legales. Sin embargo, podemos compartir informaci\u00f3n con otras empresas que procesan datos en nuestro nombre para realizar an\u00e1lisis, por ejemplo. Todo procesamiento de datos personales siempre garantiza alta seguridad y confidencialidad.<\/span><\/p>\n<h2><strong>Acerca de las cookies<\/strong><\/h2>\n<hr \/>\n<p><span style=\"font-weight: 400;\">Para aprovechar al m\u00e1ximo nuestro sitio web, utilizamos cookies. Una cookie es un peque\u00f1o archivo de texto compuesto por letras y n\u00fameros que se almacena en su navegador, tel\u00e9fono m\u00f3vil o tableta cuando visita un sitio web. La cookie ayuda a los propietarios de sitios web a reconocer su dispositivo en su pr\u00f3xima visita.<\/span><\/p>\n<p><span style=\"font-weight: 400;\">Cuando visit\u00e1s nuestro sitio, se almacenar\u00e1 informaci\u00f3n sobre su uso a trav\u00e9s de cookies. View Buenos Aires utiliza cookies para facilitar su uso del sitio web y optimizar la experiencia, as\u00ed como para recuperar informaci\u00f3n como estad\u00edsticas de visitantes (utilizando Google Analytics) para conocer mejor a nuestros usuarios. El objetivo de esto es garantizar, mantener y mejorar el sitio web.<\/span><\/p>\n<p><span style=\"font-weight: 400;\">Si dese\u00e1s restringir, bloquear o eliminar cookies de su navegador, puede utilizar la configuraci\u00f3n de su navegador para hacerlo. Dir\u00edgite a la configuraci\u00f3n de tu navegador en tu computadora u otros dispositivos. La forma de cambiar la configuraci\u00f3n var\u00eda de un navegador a otro, por lo que recomendamos usar la funci\u00f3n de ayuda del navegador que utiliza para ver c\u00f3mo cambiar la configuraci\u00f3n de cookies. Por ejemplo, puedes elegir bloquear todas las cookies o eliminar las cookies al cerrar su navegador. Tambi\u00e9n puedes optar por desactivar completamente las cookies de Google Analytics utilizando su complemento, que se encuentra <\/span><a href=\"https:\/\/tools.google.com\/dlpage\/gaoptout\" rel=\"nofollow noopener\" target=\"_blank\"><span style=\"font-weight: 400;\">ac\u00e1<\/span><\/a><span style=\"font-weight: 400;\">.<\/span><\/p>\n<h2><strong>Base legal<\/strong><\/h2>\n<hr \/>\n<p><span style=\"font-weight: 400;\">Al enviar datos a View Buenos Aires, nos otorga\u00e1s su permiso para que registremos y almacenemos informaci\u00f3n sobre los productos que compr\u00f3 y utilicemos los datos personales especificados para los fines indicados. Como base legal para el uso, nos referiremos al cumplimiento de acuerdos, inter\u00e9s leg\u00edtimo o consentimiento. Si utilizamos el inter\u00e9s leg\u00edtimo como base, se har\u00e1 \u00fanicamente para los prop\u00f3sitos mencionados anteriormente.<\/span><\/p>\n<h2><strong>Solicitud de acceso a tus datos<\/strong><\/h2>\n<hr \/>\n<p><span style=\"font-weight: 400;\">Deb\u00e9s tener en cuenta que una persona registrada tiene derecho en cualquier momento a solicitar acceso, correcci\u00f3n y eliminaci\u00f3n de datos personales, limitaci\u00f3n de uso u objeci\u00f3n al procesamiento. Puedes hacerlo contact\u00e1ndonos; con los datos brindados m\u00e1s abajo.<\/span><\/p>\n<h2><strong>Enlaces a sitios externos<\/strong><\/h2>\n<hr \/>\n<p><span style=\"font-weight: 400;\">Cuando nuestro sitio web contiene enlaces a sitios web de terceros o materiales publicados por terceros, estos enlaces son solo para fines informativos. Dado que View Buenos Aires no tiene control sobre el contenido de estos sitios, no somos responsables de su contenido. Tambi\u00e9n no somos responsables de ning\u00fan da\u00f1o o p\u00e9rdida que pueda surgir del uso de estos enlaces.<\/span><\/p>\n<h2><strong>Contactanos<\/strong><\/h2>\n<hr \/>\n<p><span style=\"font-weight: 400;\">Para obtener m\u00e1s informaci\u00f3n sobre nuestra gesti\u00f3n de datos personales o si ten\u00e9s alguna pregunta, no dude en contactarnos.\u00a0\u00a0<\/span><\/p>\n<p><b>Correo electr\u00f3nico: <\/b><a href=\"mailto:info@viewbuenosaires.com\"><span style=\"font-weight: 400;\">info@viewbuenosaires.com<\/span><\/a><\/p>\n<p><b>Esta pol\u00edtica de privacidad y cookies es v\u00e1lida a partir del 28 de octubre de 2024.<\/b><\/p>\n<p>[\/et_pb_text][\/et_pb_column][\/et_pb_row][\/et_pb_section]<\/p>\n","protected":false},"excerpt":{"rendered":"<p>Pol\u00edtica de privacidad y cookies\u00a0View Buenos Aires respeta su privacidad y el derecho a controlar su informaci\u00f3n personal. Seremos transparentes sobre la informaci\u00f3n que recopilamos, el motivo de su recopilaci\u00f3n y la protegeremos de la manera m\u00e1s segura posible. View Buenos Aires maneja su informaci\u00f3n personal principalmente para cumplir con nuestras obligaciones hacia usted. Nuestra [&hellip;]<\/p>\n","protected":false},"author":1,"featured_media":0,"parent":0,"menu_order":0,"comment_status":"closed","ping_status":"open","template":"","meta":{"_et_pb_use_builder":"on","_et_pb_old_content":"","_et_gb_content_width":"","_lmt_disableupdate":"no","_lmt_disable":"","footnotes":""},"class_list":["post-255842","page","type-page","status-publish","hentry"],"_links":{"self":[{"href":"https:\/\/viewbuenosaires.com\/es\/wp-json\/wp\/v2\/pages\/255842","targetHints":{"allow":["GET"]}}],"collection":[{"href":"https:\/\/viewbuenosaires.com\/es\/wp-json\/wp\/v2\/pages"}],"about":[{"href":"https:\/\/viewbuenosaires.com\/es\/wp-json\/wp\/v2\/types\/page"}],"author":[{"embeddable":true,"href":"https:\/\/viewbuenosaires.com\/es\/wp-json\/wp\/v2\/users\/1"}],"replies":[{"embeddable":true,"href":"https:\/\/viewbuenosaires.com\/es\/wp-json\/wp\/v2\/comments?post=255842"}],"version-history":[{"count":3,"href":"https:\/\/viewbuenosaires.com\/es\/wp-json\/wp\/v2\/pages\/255842\/revisions"}],"predecessor-version":[{"id":255856,"href":"https:\/\/viewbuenosaires.com\/es\/wp-json\/wp\/v2\/pages\/255842\/revisions\/255856"}],"wp:attachment":[{"href":"https:\/\/viewbuenosaires.com\/es\/wp-json\/wp\/v2\/media?parent=255842"}],"curies":[{"name":"wp","href":"https:\/\/api.w.org\/{rel}","templated":true}]}}