{"id":255022,"date":"2025-02-26T19:05:22","date_gmt":"2025-02-26T22:05:22","guid":{"rendered":"https:\/\/viewbuenosaires.com\/travel-to-buenos-aires-subway\/"},"modified":"2025-03-23T20:21:54","modified_gmt":"2025-03-23T23:21:54","slug":"viajar-en-buenos-aires-subte","status":"publish","type":"page","link":"https:\/\/viewbuenosaires.com\/es\/viajar-en-buenos-aires-subte\/","title":{"rendered":"Viajar en subte en Buenos Aires"},"content":{"rendered":"<p>[et_pb_section fb_built=\u00bb1&#8243; admin_label=\u00bbHero\u00bb _builder_version=\u00bb4.27.4&#8243; _module_preset=\u00bbdefault\u00bb background_color=\u00bbrgba(0,0,0,0.2)\u00bb background_image=\u00bbhttps:\/\/viewbuenosaires.com\/wp-content\/uploads\/2024\/10\/bg-travel-airplane-hero-test.jpg\u00bb background_blend=\u00bboverlay\u00bb background_last_edited=\u00bbon|phone\u00bb background_image_phone=\u00bbhttps:\/\/viewbuenosaires.com\/wp-content\/uploads\/2024\/10\/bg-travel-airplane-hero-mobile-test.jpg\u00bb background_enable_image_phone=\u00bbon\u00bb global_colors_info=\u00bb{}\u00bb][et_pb_row custom_padding_last_edited=\u00bbon|desktop\u00bb _builder_version=\u00bb4.27.2&#8243; _module_preset=\u00bbdefault\u00bb custom_padding=\u00bb100px||100px||true|false\u00bb custom_padding_tablet=\u00bb50px||50px||false|false\u00bb custom_padding_phone=\u00bb40px||40px||false|false\u00bb global_colors_info=\u00bb{}\u00bb][et_pb_column type=\u00bb4_4&#8243; _builder_version=\u00bb4.27.2&#8243; _module_preset=\u00bbdefault\u00bb global_colors_info=\u00bb{}\u00bb][et_pb_text admin_label=\u00bbTitles\u00bb module_class=\u00bbhero\u00bb _builder_version=\u00bb4.27.4&#8243; _module_preset=\u00bbdefault\u00bb header_font=\u00bb|700|||||||\u00bb header_font_size=\u00bb64px\u00bb header_line_height=\u00bb1.1em\u00bb header_3_font=\u00bb|300||on|||||\u00bb header_3_font_size=\u00bb28px\u00bb header_3_letter_spacing=\u00bb2px\u00bb header_3_line_height=\u00bb1.2em\u00bb text_orientation=\u00bbcenter\u00bb background_layout=\u00bbdark\u00bb header_font_size_tablet=\u00bb54px\u00bb header_font_size_phone=\u00bb48px\u00bb header_font_size_last_edited=\u00bbon|phone\u00bb header_3_font_size_tablet=\u00bb26px\u00bb header_3_font_size_phone=\u00bb24px\u00bb header_3_font_size_last_edited=\u00bbon|phone\u00bb global_colors_info=\u00bb{}\u00bb]<\/p>\n<h1><strong>Viajar en subte en Buenos Aires<\/strong><\/h1>\n<p>[\/et_pb_text][\/et_pb_column][\/et_pb_row][\/et_pb_section][et_pb_section fb_built=\u00bb1&#8243; admin_label=\u00bbInformation text\u00bb module_class=\u00bbcategory\u00bb _builder_version=\u00bb4.27.2&#8243; _module_preset=\u00bbdefault\u00bb background_enable_color=\u00bboff\u00bb locked=\u00bboff\u00bb global_colors_info=\u00bb{}\u00bb][et_pb_row custom_padding_last_edited=\u00bbon|tablet\u00bb _builder_version=\u00bb4.27.2&#8243; _module_preset=\u00bbdefault\u00bb custom_padding=\u00bb0px|250px||250px|false|true\u00bb custom_padding_tablet=\u00bb|0px||0px|false|true\u00bb custom_padding_phone=\u00bb|0px||0px|false|true\u00bb global_colors_info=\u00bb{}\u00bb][et_pb_column type=\u00bb4_4&#8243; _builder_version=\u00bb4.27.2&#8243; _module_preset=\u00bbdefault\u00bb global_colors_info=\u00bb{}\u00bb][et_pb_text _builder_version=\u00bb4.27.4&#8243; _module_preset=\u00bbdefault\u00bb global_colors_info=\u00bb{}\u00bb]<\/p>\n<h2><strong>La forma m\u00e1s r\u00e1pida de moverse por la ciudad<\/strong><\/h2>\n<p><span style=\"font-weight: 400;\">El subte de Buenos Aires es el medio de transporte m\u00e1s r\u00e1pido y eficiente para moverse por la ciudad. Conectando los principales barrios porte\u00f1os con el centro, es una excelente opci\u00f3n para turistas que desean desplazarse de manera \u00e1gil y econ\u00f3mica mientras exploran los atractivos de la capital argentina.<\/span><\/p>\n<h3><strong>L\u00edneas y conexiones del subte<\/strong><\/h3>\n<p><span style=\"font-weight: 400;\">El subte cuenta con seis l\u00edneas identificadas por colores y letras:<\/span><\/p>\n<ul>\n<li style=\"font-weight: 400;\" aria-level=\"1\"><span style=\"font-weight: 400;\"><strong>L\u00ednea A (Celeste):<\/strong> Une Plaza de Mayo con San Pedrito.<\/span><\/li>\n<li style=\"font-weight: 400;\" aria-level=\"1\"><span style=\"font-weight: 400;\"><strong>L\u00ednea B (Roja):<\/strong> Conecta Leandro N. Alem con Juan Manuel de Rosas.<\/span><\/li>\n<li style=\"font-weight: 400;\" aria-level=\"1\"><span style=\"font-weight: 400;\"><strong>L\u00ednea C (Azul):<\/strong> Va de Retiro a Constituci\u00f3n, dos de las principales estaciones de tren.<\/span><\/li>\n<li style=\"font-weight: 400;\" aria-level=\"1\"><span style=\"font-weight: 400;\"><strong>L\u00ednea D (Verde):<\/strong> Une Catedral con Congreso de Tucum\u00e1n, pasando por Recoleta y Palermo.<\/span><\/li>\n<li style=\"font-weight: 400;\" aria-level=\"1\"><span style=\"font-weight: 400;\"><strong>L\u00ednea E (Violeta):<\/strong> Llega desde Retiro hasta Plaza de los Virreyes.<\/span><\/li>\n<li style=\"font-weight: 400;\" aria-level=\"1\"><span style=\"font-weight: 400;\"><strong>L\u00ednea H (Amarilla):<\/strong> Conecta las l\u00edneas A, B, D y E, facilitando la combinaci\u00f3n entre ellas.<\/span><\/li>\n<\/ul>\n<p><span style=\"font-weight: 400;\">Las estaciones est\u00e1n bien se\u00f1alizadas y cuentan con indicaciones en espa\u00f1ol e ingl\u00e9s.<\/span><\/p>\n<h3><strong>C\u00f3mo usar el subte en Buenos Aires<\/strong><\/h3>\n<p><span style=\"font-weight: 400;\">Para viajar en subte, es necesario contar con la tarjeta SUBE, que tambi\u00e9n sirve para colectivos y trenes. Se puede recargar en estaciones, kioscos y terminales autom\u00e1ticas. El costo del boleto es accesible y permite hacer combinaciones entre l\u00edneas sin pagar extra dentro de un determinado tiempo.<\/span><\/p>\n<p><span style=\"font-weight: 400;\">El servicio funciona de 5:30 a 23:30 (los s\u00e1bados hasta la medianoche y los domingos hasta las 22:30). Se recomienda evitar las horas pico (7:30-9:30 y 17:30-19:30) para mayor comodidad.<\/span><\/p>\n<h3><strong>Consejos para viajar en subte<\/strong><\/h3>\n<p><strong><\/strong><\/p>\n<p><span style=\"font-weight: 400;\">\u2714\ufe0f Consult\u00e1 el mapa del subte antes de viajar para planificar tu ruta.<\/span><span style=\"font-weight: 400;\"><br \/><\/span><span style=\"font-weight: 400;\"> \u2714\ufe0f Descarg\u00e1 la app oficial \u00ab<strong>BA Subte<\/strong>\u00bb para conocer horarios y estaciones en tiempo real.<\/span><span style=\"font-weight: 400;\"><br \/><\/span><span style=\"font-weight: 400;\"> \u2714\ufe0f Ten\u00e9 cuidado con tus pertenencias en estaciones concurridas<\/span><span style=\"font-weight: 400;\"><br \/><\/span><span style=\"font-weight: 400;\"> \u2714\ufe0f Aprovech\u00e1 el subte para llegar a puntos clave, como el Obelisco, la Plaza de Mayo, Palermo y San Telmo.<\/span><\/p>\n<p><span style=\"font-weight: 400;\">R\u00e1pido, econ\u00f3mico y pr\u00e1ctico, el subte es la mejor opci\u00f3n para moverse por Buenos Aires sin el estr\u00e9s del tr\u00e1fico. \u00a1Subite y disfrut\u00e1 la ciudad como un local!<\/span><\/p>\n<p>[\/et_pb_text][\/et_pb_column][\/et_pb_row][\/et_pb_section][et_pb_section fb_built=\u00bb1&#8243; admin_label=\u00bbTravel options\u00bb _builder_version=\u00bb4.27.2&#8243; _module_preset=\u00bbdefault\u00bb background_color=\u00bb#f3f3f3&#8243; global_colors_info=\u00bb{}\u00bb][et_pb_row custom_padding_last_edited=\u00bbon|desktop\u00bb _builder_version=\u00bb4.27.2&#8243; _module_preset=\u00bbdefault\u00bb custom_padding=\u00bb0px|250px||250px|false|true\u00bb custom_padding_tablet=\u00bb|0px||0px|false|true\u00bb custom_padding_phone=\u00bb|0px||0px|false|true\u00bb global_colors_info=\u00bb{}\u00bb][et_pb_column type=\u00bb4_4&#8243; _builder_version=\u00bb4.27.2&#8243; _module_preset=\u00bbdefault\u00bb global_colors_info=\u00bb{}\u00bb][et_pb_text admin_label=\u00bbTitle\u00bb module_class=\u00bbcategory\u00bb _builder_version=\u00bb4.27.4&#8243; _module_preset=\u00bbdefault\u00bb header_2_font=\u00bb|700|||||||\u00bb header_2_font_size=\u00bb48px\u00bb header_2_line_height=\u00bb1.2em\u00bb text_orientation=\u00bbcenter\u00bb header_2_font_size_tablet=\u00bb42px\u00bb header_2_font_size_phone=\u00bb36px\u00bb header_2_font_size_last_edited=\u00bbon|phone\u00bb global_colors_info=\u00bb{}\u00bb]<\/p>\n<h2 id=\"M\u00e1sinformaci\u00f3nsobreviajesaBuenosAires\">M\u00e1s informaci\u00f3n sobre viajes a Buenos Aires<\/h2>\n<hr \/>\n<p>[\/et_pb_text][\/et_pb_column][\/et_pb_row][et_pb_row _builder_version=\u00bb4.27.2&#8243; _module_preset=\u00bbdefault\u00bb custom_padding=\u00bb||0px||false|false\u00bb global_colors_info=\u00bb{}\u00bb][et_pb_column type=\u00bb4_4&#8243; _builder_version=\u00bb4.27.2&#8243; _module_preset=\u00bbdefault\u00bb global_colors_info=\u00bb{}\u00bb][dpdfg_filtergrid custom_query=\u00bbposts_ids\u00bb posts_ids=\u00bb252994,253001,253006,253004,253009&#8243; post_number=\u00bb5&#8243; thumbnail_size=\u00bbdfg_full\u00bb show_author=\u00bboff\u00bb show_terms=\u00bbon\u00bb hide_all=\u00bbon\u00bb pagination_type=\u00bbbutton\u00bb ajax_load_more_text=\u00bbLoad more guides\u00bb items_width=\u00bb15%\u00bb items_skin=\u00bbdp-dfg-skin-default dp-dfg-skin-itemsinoverlay\u00bb grid_font_size=\u00bb14px\u00bb hover_icon=\u00bb&#x55;||divi||400&#8243; overlay_icon_color=\u00bb#FFFFFF\u00bb hover_overlay_color=\u00bbrgba(0,0,0,0.5)\u00bb bg_filters=\u00bb#d1e7f5&#8243; items_width_tablet=\u00bb40%\u00bb items_width_phone=\u00bb30%\u00bb items_width_last_edited=\u00bbon|tablet\u00bb column_gutter_tablet=\u00bb5em\u00bb column_gutter_phone=\u00bb5em\u00bb column_gutter_last_edited=\u00bbon|desktop\u00bb row_gutter_tablet=\u00bb5em\u00bb row_gutter_phone=\u00bb5em\u00bb row_gutter_last_edited=\u00bbon|phone\u00bb admin_label=\u00bbTravel options\u00bb module_class=\u00bbfeatured\u00bb _builder_version=\u00bb4.27.2&#8243; _module_preset=\u00bbdefault\u00bb dpdfg_entry_title_font=\u00bb|700|||||||\u00bb dpdfg_entry_title_text_align=\u00bbcenter\u00bb dpdfg_entry_title_text_color=\u00bb#FFFFFF\u00bb dpdfg_entry_title_font_size=\u00bb28px\u00bb dpdfg_entry_title_line_height=\u00bb1.3em\u00bb dpdfg_entry_meta_text_color=\u00bb#FFFFFF\u00bb dpdfg_entry_meta_font_size=\u00bb17px\u00bb dpdfg_filters_text_color=\u00bb#333333&#8243; custom_load_more_button=\u00bbon\u00bb load_more_button_text_size=\u00bb20px\u00bb load_more_button_text_color=\u00bb#FFFFFF\u00bb load_more_button_bg_color=\u00bb#000000&#8243; load_more_button_border_width=\u00bb0px\u00bb load_more_button_border_radius=\u00bb100px\u00bb load_more_button_font=\u00bb||||||||\u00bb load_more_button_use_icon=\u00bboff\u00bb load_more_button_alignment=\u00bbcenter\u00bb load_more_button_custom_padding=\u00bb5px|30px||30px|false|true\u00bb module_alignment=\u00bbcenter\u00bb dpdfg_entry_title_font_size_phone=\u00bb28px\u00bb dpdfg_entry_title_font_size_last_edited=\u00bboff|phone\u00bb custom_css_dp-dfg-filters=\u00bbdisplay: none;\u00bb custom_css_entry-header=\u00bbpadding-left: 20px;||padding-right: 20px;\u00bb custom_css_entry-button=\u00bbmargin-top: 30px;\u00bb border_radii=\u00bbon|15px|15px|15px|15px\u00bb border_width_all=\u00bb0px\u00bb global_colors_info=\u00bb{}\u00bb load_more_button_text_color__hover_enabled=\u00bbon|hover\u00bb load_more_button_text_color__hover=\u00bb#333333&#8243; load_more_button_bg_color__hover_enabled=\u00bbon|hover\u00bb load_more_button_bg_color__hover=\u00bb#d1e7f5&#8243; load_more_button_bg_enable_color__hover=\u00bbon\u00bb custom_css_entry-button_last_edited=\u00bbon|desktop\u00bb custom_css_entry-button_phone=\u00bbmargin-top: 10px;\u00bb custom_css_entry-button_tablet=\u00bbmargin-top: 30px;\u00bb][\/dpdfg_filtergrid][\/et_pb_column][\/et_pb_row][\/et_pb_section]<\/p>\n","protected":false},"excerpt":{"rendered":"<p>Viajar en subte en Buenos AiresLa forma m\u00e1s r\u00e1pida de moverse por la ciudad El subte de Buenos Aires es el medio de transporte m\u00e1s r\u00e1pido y eficiente para moverse por la ciudad. Conectando los principales barrios porte\u00f1os con el centro, es una excelente opci\u00f3n para turistas que desean desplazarse de manera \u00e1gil y econ\u00f3mica [&hellip;]<\/p>\n","protected":false},"author":2,"featured_media":252998,"parent":0,"menu_order":0,"comment_status":"closed","ping_status":"closed","template":"","meta":{"_et_pb_use_builder":"on","_et_pb_old_content":"","_et_gb_content_width":"","_lmt_disableupdate":"no","_lmt_disable":"","footnotes":""},"class_list":["post-255022","page","type-page","status-publish","has-post-thumbnail","hentry"],"_links":{"self":[{"href":"https:\/\/viewbuenosaires.com\/es\/wp-json\/wp\/v2\/pages\/255022","targetHints":{"allow":["GET"]}}],"collection":[{"href":"https:\/\/viewbuenosaires.com\/es\/wp-json\/wp\/v2\/pages"}],"about":[{"href":"https:\/\/viewbuenosaires.com\/es\/wp-json\/wp\/v2\/types\/page"}],"author":[{"embeddable":true,"href":"https:\/\/viewbuenosaires.com\/es\/wp-json\/wp\/v2\/users\/2"}],"replies":[{"embeddable":true,"href":"https:\/\/viewbuenosaires.com\/es\/wp-json\/wp\/v2\/comments?post=255022"}],"version-history":[{"count":2,"href":"https:\/\/viewbuenosaires.com\/es\/wp-json\/wp\/v2\/pages\/255022\/revisions"}],"predecessor-version":[{"id":255367,"href":"https:\/\/viewbuenosaires.com\/es\/wp-json\/wp\/v2\/pages\/255022\/revisions\/255367"}],"wp:featuredmedia":[{"embeddable":true,"href":"https:\/\/viewbuenosaires.com\/es\/wp-json\/wp\/v2\/media\/252998"}],"wp:attachment":[{"href":"https:\/\/viewbuenosaires.com\/es\/wp-json\/wp\/v2\/media?parent=255022"}],"curies":[{"name":"wp","href":"https:\/\/api.w.org\/{rel}","templated":true}]}}