{"id":254986,"date":"2025-02-26T18:07:39","date_gmt":"2025-02-26T21:07:39","guid":{"rendered":"https:\/\/viewbuenosaires.com\/car-rental\/"},"modified":"2026-04-11T12:29:07","modified_gmt":"2026-04-11T15:29:07","slug":"alquilar-auto","status":"publish","type":"page","link":"https:\/\/viewbuenosaires.com\/es\/alquilar-auto\/","title":{"rendered":"Alquilar un auto"},"content":{"rendered":"<p>[et_pb_section fb_built=\u00bb1&#8243; admin_label=\u00bbHero\u00bb _builder_version=\u00bb4.27.4&#8243; _module_preset=\u00bbdefault\u00bb background_image=\u00bbhttps:\/\/viewbuenosaires.com\/wp-content\/uploads\/2025\/03\/car-rental-1.jpg\u00bb background_last_edited=\u00bbon|phone\u00bb background_image_phone=\u00bbhttps:\/\/viewbuenosaires.com\/wp-content\/uploads\/2025\/03\/car-rental-mobile-1.jpg\u00bb background_enable_image_phone=\u00bbon\u00bb global_colors_info=\u00bb{}\u00bb][et_pb_row custom_padding_last_edited=\u00bbon|desktop\u00bb _builder_version=\u00bb4.27.2&#8243; _module_preset=\u00bbdefault\u00bb custom_padding=\u00bb100px||100px||true|false\u00bb custom_padding_tablet=\u00bb50px||50px||false|false\u00bb custom_padding_phone=\u00bb40px||40px||false|false\u00bb global_colors_info=\u00bb{}\u00bb][et_pb_column type=\u00bb4_4&#8243; _builder_version=\u00bb4.27.2&#8243; _module_preset=\u00bbdefault\u00bb global_colors_info=\u00bb{}\u00bb][et_pb_text admin_label=\u00bbTitles\u00bb module_class=\u00bbhero\u00bb _builder_version=\u00bb4.27.4&#8243; _module_preset=\u00bbdefault\u00bb header_font=\u00bb|700|||||||\u00bb header_font_size=\u00bb64px\u00bb header_line_height=\u00bb1.1em\u00bb header_3_font=\u00bb|300||on|||||\u00bb header_3_font_size=\u00bb28px\u00bb header_3_letter_spacing=\u00bb2px\u00bb header_3_line_height=\u00bb1.2em\u00bb text_orientation=\u00bbcenter\u00bb background_layout=\u00bbdark\u00bb header_font_size_tablet=\u00bb54px\u00bb header_font_size_phone=\u00bb48px\u00bb header_font_size_last_edited=\u00bbon|phone\u00bb header_3_font_size_tablet=\u00bb26px\u00bb header_3_font_size_phone=\u00bb24px\u00bb header_3_font_size_last_edited=\u00bbon|phone\u00bb global_colors_info=\u00bb{}\u00bb]<\/p>\n<h1><strong>Alquiler de autos en Buenos Aires<\/strong><\/h1>\n<p>[\/et_pb_text][\/et_pb_column][\/et_pb_row][\/et_pb_section][et_pb_section fb_built=\u00bb1&#8243; admin_label=\u00bbInformation text\u00bb module_class=\u00bbcategory\u00bb _builder_version=\u00bb4.27.2&#8243; _module_preset=\u00bbdefault\u00bb background_enable_color=\u00bboff\u00bb locked=\u00bboff\u00bb global_colors_info=\u00bb{}\u00bb][et_pb_row custom_padding_last_edited=\u00bbon|tablet\u00bb _builder_version=\u00bb4.27.2&#8243; _module_preset=\u00bbdefault\u00bb custom_padding=\u00bb0px|250px||250px|false|true\u00bb custom_padding_tablet=\u00bb|0px||0px|false|true\u00bb custom_padding_phone=\u00bb|0px||0px|false|true\u00bb global_colors_info=\u00bb{}\u00bb][et_pb_column type=\u00bb4_4&#8243; _builder_version=\u00bb4.27.2&#8243; _module_preset=\u00bbdefault\u00bb global_colors_info=\u00bb{}\u00bb][et_pb_text _builder_version=\u00bb4.27.4&#8243; _module_preset=\u00bbdefault\u00bb global_colors_info=\u00bb{}\u00bb]<\/p>\n<p><span style=\"font-weight: 400;\">Explorar Buenos Aires a tu propio ritmo es una experiencia \u00fanica. Ya sea que viajes por negocios o placer, alquilar un auto te brinda la libertad de descubrir la ciudad m\u00e1s all\u00e1 de los circuitos tur\u00edsticos tradicionales. Desde barrios hist\u00f3ricos hasta escapadas a la naturaleza, contar con tu propio veh\u00edculo te permite vivir Buenos Aires como un local.<\/span><\/p>\n<h3><strong>\u00bfPor qu\u00e9 alquilar un auto en Buenos Aires?<\/strong><\/h3>\n<p><strong><\/strong><\/p>\n<p><span style=\"font-weight: 400;\">Buenos Aires es una ciudad llena de contrastes, con calles vibrantes, lugares ic\u00f3nicos y rincones ocultos por descubrir. Si bien el transporte p\u00fablico y los taxis son opciones viables, alquilar un auto tiene varias ventajas:<\/span><\/p>\n<ul>\n<li style=\"font-weight: 400;\" aria-level=\"1\"><span style=\"font-weight: 400;\"><strong>Comodidad y Flexibilidad:<\/strong> No depend\u00e9s de horarios, te mov\u00e9s a tu propio ritmo.<\/span><\/li>\n<li style=\"font-weight: 400;\" aria-level=\"1\"><span style=\"font-weight: 400;\"><strong>Acceso a lugares \u00danicos<\/strong>: Explor\u00e1 sitios menos conocidos, pueblos con encanto y reservas naturales.<\/span><\/li>\n<li style=\"font-weight: 400;\" aria-level=\"1\"><span style=\"font-weight: 400;\"><strong>Privacidad y Confort<\/strong>: Viaj\u00e1 sin aglomeraciones ni demoras.<\/span><\/li>\n<li style=\"font-weight: 400;\" aria-level=\"1\"><span style=\"font-weight: 400;\"><strong>Ahorro en grupo:<\/strong> Si viaj\u00e1s con familia o amigos, alquilar un auto puede ser m\u00e1s econ\u00f3mico que m\u00faltiples trayectos en taxi.<\/span>\u00a0<\/li>\n<\/ul>\n<h3><strong>Consejos para alquilar un auto en Buenos Aires<\/strong><\/h3>\n<p><strong><\/strong><\/p>\n<ul>\n<li style=\"font-weight: 400;\" aria-level=\"1\"><span style=\"font-weight: 400;\"><strong>Eleg\u00ed el veh\u00edculo adecuado<\/strong>: Un auto compacto es ideal para la ciudad, mientras que una SUV es perfecta para viajes largos.<\/span>\u00a0<\/li>\n<li style=\"font-weight: 400;\" aria-level=\"1\"><span style=\"font-weight: 400;\"><strong>Revis\u00e1 las opciones de estacionamiento:<\/strong> Muchos hoteles cuentan con estacionamiento y hay garajes privados seguros disponibles.<\/span>\u00a0<\/li>\n<li style=\"font-weight: 400;\" aria-level=\"1\"><span style=\"font-weight: 400;\"><strong>Llev\u00e1 la documentaci\u00f3n necesaria<\/strong>: Se requiere una licencia de conducir v\u00e1lida y tarjeta de cr\u00e9dito.<\/span>\u00a0<\/li>\n<li style=\"font-weight: 400;\" aria-level=\"1\"><span style=\"font-weight: 400;\"><strong>Informate sobre las normas de tr\u00e1nsito:<\/strong> Buenos Aires tiene regulaciones espec\u00edficas\u2014con\u00f3celas antes de manejar.<\/span>\u00a0<\/li>\n<\/ul>\n<h3><strong>Reserv\u00e1 tu auto de alquiler en Buenos Aires hoy<\/strong><\/h3>\n<p><span style=\"font-weight: 400;\">Hac\u00e9 de tu viaje a Buenos Aires una experiencia inolvidable alquilando un auto adaptado a tus necesidades. Ya sea para recorrer la ciudad o emprender una aventura en carretera, te ayudamos a encontrar las mejores opciones. Compara precios, elige tu auto ideal y comienza tu viaje hoy mismo.<\/span><\/p>\n<p><span style=\"font-weight: 400;\"><\/span><\/p>\n<p><span style=\"font-weight: 400;\"><\/span><\/p>\n<h2><strong>\u00bfQuer\u00e9s alquilar un auto? Esta es la gu\u00eda de las mejores agencias de alquiler de auto en la ciudad.<\/strong><\/h2>\n<h2><span style=\"text-decoration: underline;\"><a href=\"https:\/\/viewbuenosaires.com\/es\/alquiler-auto-buenos-aires\/\">Alquiler de autos en Buenos Aires: consejos para alquilar un veh\u00edculo en la ciudad<\/a><\/span><\/h2>\n<p>[\/et_pb_text][\/et_pb_column][\/et_pb_row][\/et_pb_section][et_pb_section fb_built=\u00bb1&#8243; admin_label=\u00bbTravel options\u00bb _builder_version=\u00bb4.27.2&#8243; _module_preset=\u00bbdefault\u00bb background_color=\u00bb#f3f3f3&#8243; global_colors_info=\u00bb{}\u00bb][et_pb_row custom_padding_last_edited=\u00bbon|desktop\u00bb _builder_version=\u00bb4.27.2&#8243; _module_preset=\u00bbdefault\u00bb custom_padding=\u00bb0px|250px||250px|false|true\u00bb custom_padding_tablet=\u00bb|0px||0px|false|true\u00bb custom_padding_phone=\u00bb|0px||0px|false|true\u00bb global_colors_info=\u00bb{}\u00bb][et_pb_column type=\u00bb4_4&#8243; _builder_version=\u00bb4.27.2&#8243; _module_preset=\u00bbdefault\u00bb global_colors_info=\u00bb{}\u00bb][et_pb_text admin_label=\u00bbTitle\u00bb module_class=\u00bbcategory\u00bb _builder_version=\u00bb4.27.6&#8243; _module_preset=\u00bbdefault\u00bb header_2_font_size=\u00bb48px\u00bb header_2_line_height=\u00bb1.2em\u00bb text_orientation=\u00bbcenter\u00bb module_alignment=\u00bbcenter\u00bb header_2_font_size_tablet=\u00bb42px\u00bb header_2_font_size_phone=\u00bb36px\u00bb header_2_font_size_last_edited=\u00bbon|phone\u00bb global_colors_info=\u00bb{}\u00bb]<\/p>\n<h2 style=\"text-align: center;\">M\u00e1s informaci\u00f3n sobre viajes a Buenos Aires<\/h2>\n<p>[\/et_pb_text][et_pb_divider color=\u00bb#5c8cb2&#8243; divider_weight=\u00bb2px\u00bb _builder_version=\u00bb4.27.6&#8243; _module_preset=\u00bbdefault\u00bb width=\u00bb10%\u00bb module_alignment=\u00bbcenter\u00bb global_colors_info=\u00bb{}\u00bb][\/et_pb_divider][\/et_pb_column][\/et_pb_row][et_pb_row _builder_version=\u00bb4.27.6&#8243; _module_preset=\u00bbdefault\u00bb module_alignment=\u00bbcenter\u00bb custom_padding=\u00bb||0px||false|false\u00bb hover_enabled=\u00bb0&#8243; global_colors_info=\u00bb{}\u00bb sticky_enabled=\u00bb0&#8243;][et_pb_column type=\u00bb4_4&#8243; _builder_version=\u00bb4.27.2&#8243; _module_preset=\u00bbdefault\u00bb global_colors_info=\u00bb{}\u00bb][dpdfg_filtergrid custom_query=\u00bbposts_ids\u00bb posts_ids=\u00bb252994,253001,253006,253004,253009&#8243; post_number=\u00bb5&#8243; thumbnail_size=\u00bbdfg_full\u00bb show_author=\u00bboff\u00bb show_terms=\u00bbon\u00bb hide_all=\u00bbon\u00bb pagination_type=\u00bbbutton\u00bb ajax_load_more_text=\u00bbLoad more guides\u00bb filters_width=\u00bb5&#8243; items_width=\u00bb22%\u00bb column_gutter=\u00bb3em\u00bb row_gutter=\u00bb3em\u00bb items_skin=\u00bbdp-dfg-skin-default dp-dfg-skin-itemsinoverlay\u00bb grid_font_size=\u00bb14px\u00bb hover_icon=\u00bb&#x55;||divi||400&#8243; overlay_icon_color=\u00bb#FFFFFF\u00bb hover_overlay_color=\u00bbrgba(0,0,0,0.5)\u00bb bg_filters=\u00bb#d1e7f5&#8243; items_width_tablet=\u00bb40%\u00bb items_width_phone=\u00bb30%\u00bb items_width_last_edited=\u00bbon|tablet\u00bb column_gutter_tablet=\u00bb5em\u00bb column_gutter_phone=\u00bb5em\u00bb column_gutter_last_edited=\u00bbon|desktop\u00bb row_gutter_tablet=\u00bb5em\u00bb row_gutter_phone=\u00bb5em\u00bb row_gutter_last_edited=\u00bbon|phone\u00bb admin_label=\u00bbTravel options\u00bb module_class=\u00bbfeatured\u00bb _builder_version=\u00bb4.27.6&#8243; _module_preset=\u00bbdefault\u00bb dpdfg_entry_title_font=\u00bb|700|||||||\u00bb dpdfg_entry_title_text_align=\u00bbcenter\u00bb dpdfg_entry_title_text_color=\u00bb#FFFFFF\u00bb dpdfg_entry_title_font_size=\u00bb24px\u00bb dpdfg_entry_title_line_height=\u00bb1.3em\u00bb dpdfg_entry_meta_text_color=\u00bb#FFFFFF\u00bb dpdfg_entry_meta_font_size=\u00bb17px\u00bb dpdfg_filters_text_color=\u00bb#333333&#8243; custom_load_more_button=\u00bbon\u00bb load_more_button_text_size=\u00bb20px\u00bb load_more_button_text_color=\u00bb#FFFFFF\u00bb load_more_button_bg_color=\u00bb#000000&#8243; load_more_button_border_width=\u00bb0px\u00bb load_more_button_border_radius=\u00bb100px\u00bb load_more_button_font=\u00bb||||||||\u00bb load_more_button_use_icon=\u00bboff\u00bb load_more_button_alignment=\u00bbcenter\u00bb load_more_button_custom_padding=\u00bb5px||||false|true\u00bb module_alignment=\u00bbcenter\u00bb hover_enabled=\u00bb0&#8243; dpdfg_entry_title_font_size_phone=\u00bb28px\u00bb dpdfg_entry_title_font_size_last_edited=\u00bboff|phone\u00bb custom_css_dp-dfg-filters=\u00bbdisplay: none;\u00bb custom_css_entry-header=\u00bbpadding-left: 20px;||padding-right: 20px;\u00bb custom_css_entry-button=\u00bbmargin-top: 30px;\u00bb border_radii=\u00bbon|15px|15px|15px|15px\u00bb border_width_all=\u00bb0px\u00bb global_colors_info=\u00bb{}\u00bb load_more_button_text_color__hover_enabled=\u00bbon|hover\u00bb load_more_button_text_color__hover=\u00bb#333333&#8243; load_more_button_bg_color__hover_enabled=\u00bbon|hover\u00bb load_more_button_bg_color__hover=\u00bb#d1e7f5&#8243; load_more_button_bg_enable_color__hover=\u00bbon\u00bb custom_css_entry-button_last_edited=\u00bbon|desktop\u00bb custom_css_entry-button_phone=\u00bbmargin-top: 10px;\u00bb custom_css_entry-button_tablet=\u00bbmargin-top: 30px;\u00bb sticky_enabled=\u00bb0&#8243; filters_width_last_edited=\u00bbon|tablet\u00bb filters_width_tablet=\u00bb5&#8243; filters_width_phone=\u00bb5&#8243;][\/dpdfg_filtergrid][\/et_pb_column][\/et_pb_row][\/et_pb_section]<\/p>\n","protected":false},"excerpt":{"rendered":"<p>Alquiler de autos en Buenos AiresExplorar Buenos Aires a tu propio ritmo es una experiencia \u00fanica. Ya sea que viajes por negocios o placer, alquilar un auto te brinda la libertad de descubrir la ciudad m\u00e1s all\u00e1 de los circuitos tur\u00edsticos tradicionales. Desde barrios hist\u00f3ricos hasta escapadas a la naturaleza, contar con tu propio veh\u00edculo [&hellip;]<\/p>\n","protected":false},"author":2,"featured_media":0,"parent":0,"menu_order":0,"comment_status":"closed","ping_status":"closed","template":"","meta":{"_et_pb_use_builder":"on","_et_pb_old_content":"","_et_gb_content_width":"","_lmt_disableupdate":"no","_lmt_disable":"","footnotes":""},"class_list":["post-254986","page","type-page","status-publish","hentry"],"_links":{"self":[{"href":"https:\/\/viewbuenosaires.com\/es\/wp-json\/wp\/v2\/pages\/254986","targetHints":{"allow":["GET"]}}],"collection":[{"href":"https:\/\/viewbuenosaires.com\/es\/wp-json\/wp\/v2\/pages"}],"about":[{"href":"https:\/\/viewbuenosaires.com\/es\/wp-json\/wp\/v2\/types\/page"}],"author":[{"embeddable":true,"href":"https:\/\/viewbuenosaires.com\/es\/wp-json\/wp\/v2\/users\/2"}],"replies":[{"embeddable":true,"href":"https:\/\/viewbuenosaires.com\/es\/wp-json\/wp\/v2\/comments?post=254986"}],"version-history":[{"count":2,"href":"https:\/\/viewbuenosaires.com\/es\/wp-json\/wp\/v2\/pages\/254986\/revisions"}],"predecessor-version":[{"id":260783,"href":"https:\/\/viewbuenosaires.com\/es\/wp-json\/wp\/v2\/pages\/254986\/revisions\/260783"}],"wp:attachment":[{"href":"https:\/\/viewbuenosaires.com\/es\/wp-json\/wp\/v2\/media?parent=254986"}],"curies":[{"name":"wp","href":"https:\/\/api.w.org\/{rel}","templated":true}]}}