{"id":253389,"date":"2024-10-24T17:54:41","date_gmt":"2024-10-24T20:54:41","guid":{"rendered":"https:\/\/viewbuenosaires.com\/viajar-a-buenos-aires\/train\/"},"modified":"2026-04-11T12:04:35","modified_gmt":"2026-04-11T15:04:35","slug":"tren","status":"publish","type":"page","link":"https:\/\/viewbuenosaires.com\/es\/viajar-a-buenos-aires\/tren\/","title":{"rendered":"Viajar a Buenos Aires en tren"},"content":{"rendered":"<p>[et_pb_section fb_built=\u00bb1&#8243; admin_label=\u00bbHero\u00bb _builder_version=\u00bb4.27.4&#8243; _module_preset=\u00bbdefault\u00bb background_color=\u00bbrgba(0,0,0,0.2)\u00bb background_image=\u00bbhttps:\/\/viewbuenosaires.com\/wp-content\/uploads\/2025\/03\/travel-by-train.jpg\u00bb background_blend=\u00bboverlay\u00bb background_last_edited=\u00bbon|phone\u00bb background_image_phone=\u00bbhttps:\/\/viewbuenosaires.com\/wp-content\/uploads\/2025\/03\/travel-by-train-1.jpg\u00bb background_enable_image_phone=\u00bbon\u00bb global_colors_info=\u00bb{}\u00bb][et_pb_row custom_padding_last_edited=\u00bbon|desktop\u00bb _builder_version=\u00bb4.27.2&#8243; _module_preset=\u00bbdefault\u00bb custom_padding=\u00bb100px||100px||true|false\u00bb custom_padding_tablet=\u00bb50px||50px||false|false\u00bb custom_padding_phone=\u00bb40px||40px||false|false\u00bb global_colors_info=\u00bb{}\u00bb][et_pb_column type=\u00bb4_4&#8243; _builder_version=\u00bb4.27.2&#8243; _module_preset=\u00bbdefault\u00bb global_colors_info=\u00bb{}\u00bb][et_pb_text admin_label=\u00bbTitles\u00bb module_class=\u00bbhero\u00bb _builder_version=\u00bb4.27.2&#8243; _module_preset=\u00bbdefault\u00bb header_font=\u00bb|700|||||||\u00bb header_font_size=\u00bb64px\u00bb header_line_height=\u00bb1.1em\u00bb header_3_font=\u00bb|300||on|||||\u00bb header_3_font_size=\u00bb28px\u00bb header_3_letter_spacing=\u00bb2px\u00bb header_3_line_height=\u00bb1.2em\u00bb text_orientation=\u00bbcenter\u00bb background_layout=\u00bbdark\u00bb header_font_size_tablet=\u00bb54px\u00bb header_font_size_phone=\u00bb48px\u00bb header_font_size_last_edited=\u00bbon|phone\u00bb header_3_font_size_tablet=\u00bb26px\u00bb header_3_font_size_phone=\u00bb24px\u00bb header_3_font_size_last_edited=\u00bbon|phone\u00bb global_colors_info=\u00bb{}\u00bb]<\/p>\n<h1>Viajar a Buenos Aires en tren<\/h1>\n<p>[\/et_pb_text][\/et_pb_column][\/et_pb_row][\/et_pb_section][et_pb_section fb_built=\u00bb1&#8243; admin_label=\u00bbInformation text\u00bb module_class=\u00bbcategory\u00bb _builder_version=\u00bb4.27.2&#8243; _module_preset=\u00bbdefault\u00bb background_enable_color=\u00bboff\u00bb locked=\u00bboff\u00bb global_colors_info=\u00bb{}\u00bb][et_pb_row custom_padding_last_edited=\u00bbon|tablet\u00bb _builder_version=\u00bb4.27.2&#8243; _module_preset=\u00bbdefault\u00bb custom_padding=\u00bb0px|250px||250px|false|true\u00bb custom_padding_tablet=\u00bb|0px||0px|false|true\u00bb custom_padding_phone=\u00bb|0px||0px|false|true\u00bb global_colors_info=\u00bb{}\u00bb][et_pb_column type=\u00bb4_4&#8243; _builder_version=\u00bb4.27.2&#8243; _module_preset=\u00bbdefault\u00bb global_colors_info=\u00bb{}\u00bb][et_pb_text _builder_version=\u00bb4.27.2&#8243; _module_preset=\u00bbdefault\u00bb global_colors_info=\u00bb{}\u00bb]<\/p>\n<p><span style=\"font-weight: 400;\">Viajar en tren en Buenos Aires es una opci\u00f3n c\u00f3moda, econ\u00f3mica y eficiente tanto para moverse dentro del \u00e1rea metropolitana como para visitar otras ciudades de Argentina. La ciudad cuenta con una extensa red ferroviaria que conecta distintos barrios y provincias, ideal para turistas que buscan una alternativa de transporte r\u00e1pida y pintoresca.<\/span><\/p>\n<h3><strong>Trenes dentro de Buenos Aires<\/strong><\/h3>\n<p><span style=\"font-weight: 400;\">Buenos Aires tiene varias l\u00edneas de tren que parten desde estaciones c\u00e9ntricas, como Retiro, Constituci\u00f3n y Once, y llegan a la periferia de la ciudad y el Gran Buenos Aires. Entre las l\u00edneas m\u00e1s utilizadas est\u00e1n:<\/span><\/p>\n<ul>\n<li style=\"font-weight: 400;\" aria-level=\"1\"><span style=\"font-weight: 400;\"><strong>L\u00ednea Mitre<\/strong> (hacia el norte, Tigre y San Isidro)<\/span><\/li>\n<li style=\"font-weight: 400;\" aria-level=\"1\"><span style=\"font-weight: 400;\"><strong>L\u00ednea Sarmiento<\/strong> (hacia el oeste, Moreno)<\/span><\/li>\n<li style=\"font-weight: 400;\" aria-level=\"1\"><span style=\"font-weight: 400;\"><strong>L\u00ednea Roca<\/strong> (hacia el sur, La Plata y zona costera)<\/span><\/li>\n<li style=\"font-weight: 400;\" aria-level=\"1\"><span style=\"font-weight: 400;\"><strong>L\u00ednea San Mart\u00edn<\/strong> (hacia el noroeste, Pilar y Jos\u00e9 C. Paz)<\/span><\/li>\n<\/ul>\n<p><span style=\"font-weight: 400;\">Para utilizar estos trenes, necesitas la tarjeta SUBE, la misma que se usa en subtes y colectivos. Las tarifas son muy accesibles y las estaciones principales cuentan con servicios y comodidades.<\/span><\/p>\n<h3><strong>Trenes de larga distancia desde Buenos Aires<\/strong><\/h3>\n<p><span style=\"font-weight: 400;\">Si deseas explorar m\u00e1s all\u00e1 de la ciudad, los trenes de larga distancia son una excelente opci\u00f3n. Desde la estaci\u00f3n Retiro parten trenes hacia Rosario, C\u00f3rdoba y Tucum\u00e1n, mientras que desde Constituci\u00f3n salen servicios hacia Mar del Plata y Bah\u00eda Blanca. Los boletos pueden comprarse online o en boleter\u00edas de las estaciones y suelen ser m\u00e1s econ\u00f3micos que los buses de larga distancia.<\/span><\/p>\n<h3><strong>Consejos para viajar en tren<\/strong><\/h3>\n<ul>\n<li style=\"font-weight: 400;\" aria-level=\"1\"><span style=\"font-weight: 400;\">Compra tus boletos con anticipaci\u00f3n para los trenes de larga distancia, ya que la demanda suele ser alta.<\/span><\/li>\n<li style=\"font-weight: 400;\" aria-level=\"1\"><span style=\"font-weight: 400;\">Consulta horarios y frecuencias en la web oficial de Trenes Argentinos.<\/span><\/li>\n<li style=\"font-weight: 400;\" aria-level=\"1\"><span style=\"font-weight: 400;\">Evita horas pico en los trenes urbanos si buscas un viaje m\u00e1s c\u00f3modo.<\/span><\/li>\n<\/ul>\n<p><span style=\"font-weight: 400;\">Explorar Buenos Aires y sus alrededores en tren es una forma pr\u00e1ctica y accesible de conocer m\u00e1s sobre la ciudad y la cultura argentina. \u00a1An\u00edmate a subirte al tren y disfrutar del viaje!<\/span><\/p>\n<p>[\/et_pb_text][\/et_pb_column][\/et_pb_row][\/et_pb_section][et_pb_section fb_built=\u00bb1&#8243; admin_label=\u00bbTravel options\u00bb _builder_version=\u00bb4.27.2&#8243; _module_preset=\u00bbdefault\u00bb background_color=\u00bb#f3f3f3&#8243; global_colors_info=\u00bb{}\u00bb][et_pb_row custom_padding_last_edited=\u00bbon|desktop\u00bb _builder_version=\u00bb4.27.2&#8243; _module_preset=\u00bbdefault\u00bb custom_padding=\u00bb0px|250px||250px|false|true\u00bb custom_padding_tablet=\u00bb|0px||0px|false|true\u00bb custom_padding_phone=\u00bb|0px||0px|false|true\u00bb global_colors_info=\u00bb{}\u00bb][et_pb_column type=\u00bb4_4&#8243; _builder_version=\u00bb4.27.2&#8243; _module_preset=\u00bbdefault\u00bb global_colors_info=\u00bb{}\u00bb][et_pb_text admin_label=\u00bbTitle\u00bb module_class=\u00bbcategory\u00bb _builder_version=\u00bb4.27.2&#8243; _module_preset=\u00bbdefault\u00bb header_2_font_size=\u00bb48px\u00bb header_2_line_height=\u00bb1.2em\u00bb text_orientation=\u00bbcenter\u00bb header_2_font_size_tablet=\u00bb42px\u00bb header_2_font_size_phone=\u00bb36px\u00bb header_2_font_size_last_edited=\u00bbon|phone\u00bb global_colors_info=\u00bb{}\u00bb]<\/p>\n<h2>M\u00e1s informaci\u00f3n sobre viajes a Buenos Aires<\/h2>\n<hr \/>\n<p>[\/et_pb_text][\/et_pb_column][\/et_pb_row][et_pb_row _builder_version=\u00bb4.27.2&#8243; _module_preset=\u00bbdefault\u00bb custom_padding=\u00bb||0px||false|false\u00bb global_colors_info=\u00bb{}\u00bb][et_pb_column type=\u00bb4_4&#8243; _builder_version=\u00bb4.27.2&#8243; _module_preset=\u00bbdefault\u00bb global_colors_info=\u00bb{}\u00bb][dpdfg_filtergrid custom_query=\u00bbposts_ids\u00bb posts_ids=\u00bb252994,253006,253004,253009&#8243; post_number=\u00bb4&#8243; order=\u00bbASC\u00bb thumbnail_size=\u00bbdfg_full\u00bb show_author=\u00bboff\u00bb show_terms=\u00bbon\u00bb hide_all=\u00bbon\u00bb pagination_type=\u00bbbutton\u00bb ajax_load_more_text=\u00bbLoad more guides\u00bb column_gutter=\u00bb3em\u00bb row_gutter=\u00bb3em\u00bb items_skin=\u00bbdp-dfg-skin-default dp-dfg-skin-itemsinoverlay\u00bb grid_font_size=\u00bb14px\u00bb hover_icon=\u00bb&#x55;||divi||400&#8243; overlay_icon_color=\u00bb#FFFFFF\u00bb hover_overlay_color=\u00bbrgba(0,0,0,0.5)\u00bb bg_filters=\u00bb#d1e7f5&#8243; items_width_tablet=\u00bb40%\u00bb items_width_phone=\u00bb30%\u00bb items_width_last_edited=\u00bbon|tablet\u00bb column_gutter_tablet=\u00bb5em\u00bb column_gutter_phone=\u00bb5em\u00bb column_gutter_last_edited=\u00bbon|desktop\u00bb row_gutter_tablet=\u00bb5em\u00bb row_gutter_phone=\u00bb5em\u00bb row_gutter_last_edited=\u00bbon|phone\u00bb admin_label=\u00bbTravel options\u00bb module_class=\u00bbfeatured\u00bb _builder_version=\u00bb4.27.6&#8243; _module_preset=\u00bbdefault\u00bb dpdfg_entry_title_font=\u00bb|700|||||||\u00bb dpdfg_entry_title_text_align=\u00bbcenter\u00bb dpdfg_entry_title_text_color=\u00bb#FFFFFF\u00bb dpdfg_entry_title_font_size=\u00bb24px\u00bb dpdfg_entry_title_line_height=\u00bb1.3em\u00bb dpdfg_entry_meta_text_color=\u00bb#FFFFFF\u00bb dpdfg_entry_meta_font_size=\u00bb17px\u00bb dpdfg_filters_text_color=\u00bb#333333&#8243; custom_load_more_button=\u00bbon\u00bb load_more_button_text_size=\u00bb20px\u00bb load_more_button_text_color=\u00bb#FFFFFF\u00bb load_more_button_bg_color=\u00bb#000000&#8243; load_more_button_border_width=\u00bb0px\u00bb load_more_button_border_radius=\u00bb100px\u00bb load_more_button_font=\u00bb||||||||\u00bb load_more_button_use_icon=\u00bboff\u00bb load_more_button_alignment=\u00bbcenter\u00bb load_more_button_custom_padding=\u00bb5px||||false|true\u00bb module_alignment=\u00bbcenter\u00bb hover_enabled=\u00bb0&#8243; dpdfg_entry_title_font_size_phone=\u00bb28px\u00bb dpdfg_entry_title_font_size_last_edited=\u00bboff|phone\u00bb custom_css_dp-dfg-filters=\u00bbdisplay: none;\u00bb custom_css_entry-header=\u00bbpadding-left: 20px;||padding-right: 20px;\u00bb custom_css_entry-button=\u00bbmargin-top: 30px;\u00bb border_radii=\u00bbon|15px|15px|15px|15px\u00bb border_width_all=\u00bb0px\u00bb global_colors_info=\u00bb{}\u00bb load_more_button_text_color__hover_enabled=\u00bbon|hover\u00bb load_more_button_text_color__hover=\u00bb#333333&#8243; load_more_button_bg_color__hover_enabled=\u00bbon|hover\u00bb load_more_button_bg_color__hover=\u00bb#d1e7f5&#8243; load_more_button_bg_enable_color__hover=\u00bbon\u00bb custom_css_entry-button_last_edited=\u00bbon|desktop\u00bb custom_css_entry-button_phone=\u00bbmargin-top: 10px;\u00bb custom_css_entry-button_tablet=\u00bbmargin-top: 30px;\u00bb items_width=\u00bb22%\u00bb sticky_enabled=\u00bb0&#8243;][\/dpdfg_filtergrid][\/et_pb_column][\/et_pb_row][\/et_pb_section]<\/p>\n","protected":false},"excerpt":{"rendered":"<p>Viajar a Buenos Aires en trenViajar en tren en Buenos Aires es una opci\u00f3n c\u00f3moda, econ\u00f3mica y eficiente tanto para moverse dentro del \u00e1rea metropolitana como para visitar otras ciudades de Argentina. La ciudad cuenta con una extensa red ferroviaria que conecta distintos barrios y provincias, ideal para turistas que buscan una alternativa de transporte [&hellip;]<\/p>\n","protected":false},"author":1,"featured_media":255690,"parent":253364,"menu_order":0,"comment_status":"closed","ping_status":"closed","template":"","meta":{"_et_pb_use_builder":"on","_et_pb_old_content":"","_et_gb_content_width":"","_lmt_disableupdate":"no","_lmt_disable":"","footnotes":""},"class_list":["post-253389","page","type-page","status-publish","has-post-thumbnail","hentry"],"_links":{"self":[{"href":"https:\/\/viewbuenosaires.com\/es\/wp-json\/wp\/v2\/pages\/253389","targetHints":{"allow":["GET"]}}],"collection":[{"href":"https:\/\/viewbuenosaires.com\/es\/wp-json\/wp\/v2\/pages"}],"about":[{"href":"https:\/\/viewbuenosaires.com\/es\/wp-json\/wp\/v2\/types\/page"}],"author":[{"embeddable":true,"href":"https:\/\/viewbuenosaires.com\/es\/wp-json\/wp\/v2\/users\/1"}],"replies":[{"embeddable":true,"href":"https:\/\/viewbuenosaires.com\/es\/wp-json\/wp\/v2\/comments?post=253389"}],"version-history":[{"count":3,"href":"https:\/\/viewbuenosaires.com\/es\/wp-json\/wp\/v2\/pages\/253389\/revisions"}],"predecessor-version":[{"id":260754,"href":"https:\/\/viewbuenosaires.com\/es\/wp-json\/wp\/v2\/pages\/253389\/revisions\/260754"}],"up":[{"embeddable":true,"href":"https:\/\/viewbuenosaires.com\/es\/wp-json\/wp\/v2\/pages\/253364"}],"wp:featuredmedia":[{"embeddable":true,"href":"https:\/\/viewbuenosaires.com\/es\/wp-json\/wp\/v2\/media\/255690"}],"wp:attachment":[{"href":"https:\/\/viewbuenosaires.com\/es\/wp-json\/wp\/v2\/media?parent=253389"}],"curies":[{"name":"wp","href":"https:\/\/api.w.org\/{rel}","templated":true}]}}