{"id":253369,"date":"2024-10-24T11:51:27","date_gmt":"2024-10-24T14:51:27","guid":{"rendered":"https:\/\/viewbuenosaires.com\/viajar-a-buenos-aires\/airplane\/"},"modified":"2026-04-11T12:01:17","modified_gmt":"2026-04-11T15:01:17","slug":"avion","status":"publish","type":"page","link":"https:\/\/viewbuenosaires.com\/es\/viajar-a-buenos-aires\/avion\/","title":{"rendered":"Viajar a Buenos Aires en avi\u00f3n"},"content":{"rendered":"<p>[et_pb_section fb_built=\u00bb1&#8243; admin_label=\u00bbHero\u00bb _builder_version=\u00bb4.27.4&#8243; _module_preset=\u00bbdefault\u00bb background_color=\u00bbrgba(0,0,0,0.2)\u00bb background_image=\u00bbhttps:\/\/viewbuenosaires.com\/wp-content\/uploads\/2025\/03\/travel-by-airplane.jpg\u00bb background_blend=\u00bboverlay\u00bb background_last_edited=\u00bbon|phone\u00bb background_image_phone=\u00bbhttps:\/\/viewbuenosaires.com\/wp-content\/uploads\/2025\/03\/travel-by-airplane-1.jpg\u00bb background_enable_image_phone=\u00bbon\u00bb global_colors_info=\u00bb{}\u00bb][et_pb_row custom_padding_last_edited=\u00bbon|desktop\u00bb _builder_version=\u00bb4.27.2&#8243; _module_preset=\u00bbdefault\u00bb custom_padding=\u00bb100px||100px||true|false\u00bb custom_padding_tablet=\u00bb50px||50px||false|false\u00bb custom_padding_phone=\u00bb40px||40px||false|false\u00bb global_colors_info=\u00bb{}\u00bb][et_pb_column type=\u00bb4_4&#8243; _builder_version=\u00bb4.27.2&#8243; _module_preset=\u00bbdefault\u00bb global_colors_info=\u00bb{}\u00bb][et_pb_text admin_label=\u00bbTitles\u00bb module_class=\u00bbhero\u00bb _builder_version=\u00bb4.27.2&#8243; _module_preset=\u00bbdefault\u00bb header_font=\u00bb|700|||||||\u00bb header_font_size=\u00bb64px\u00bb header_line_height=\u00bb1.1em\u00bb header_3_font=\u00bb|300||on|||||\u00bb header_3_font_size=\u00bb28px\u00bb header_3_letter_spacing=\u00bb2px\u00bb header_3_line_height=\u00bb1.2em\u00bb text_orientation=\u00bbcenter\u00bb background_layout=\u00bbdark\u00bb header_font_size_tablet=\u00bb54px\u00bb header_font_size_phone=\u00bb48px\u00bb header_font_size_last_edited=\u00bbon|phone\u00bb header_3_font_size_tablet=\u00bb26px\u00bb header_3_font_size_phone=\u00bb24px\u00bb header_3_font_size_last_edited=\u00bbon|phone\u00bb global_colors_info=\u00bb{}\u00bb]<\/p>\n<h1>Viajar a Buenos Aires en avi\u00f3n<\/h1>\n<p>[\/et_pb_text][\/et_pb_column][\/et_pb_row][\/et_pb_section][et_pb_section fb_built=\u00bb1&#8243; admin_label=\u00bbInformation text\u00bb module_class=\u00bbcategory\u00bb _builder_version=\u00bb4.27.2&#8243; _module_preset=\u00bbdefault\u00bb background_enable_color=\u00bboff\u00bb locked=\u00bboff\u00bb global_colors_info=\u00bb{}\u00bb][et_pb_row custom_padding_last_edited=\u00bbon|tablet\u00bb _builder_version=\u00bb4.27.2&#8243; _module_preset=\u00bbdefault\u00bb custom_padding=\u00bb0px|250px||250px|false|true\u00bb custom_padding_tablet=\u00bb|0px||0px|false|true\u00bb custom_padding_phone=\u00bb|0px||0px|false|true\u00bb global_colors_info=\u00bb{}\u00bb][et_pb_column type=\u00bb4_4&#8243; _builder_version=\u00bb4.27.2&#8243; _module_preset=\u00bbdefault\u00bb global_colors_info=\u00bb{}\u00bb][et_pb_text _builder_version=\u00bb4.27.2&#8243; _module_preset=\u00bbdefault\u00bb global_colors_info=\u00bb{}\u00bb]<\/p>\n<p><span style=\"font-weight: 400;\">Si est\u00e1s planeando viajar a Buenos Aires en avi\u00f3n, aqu\u00ed encontrar\u00e1s todo lo que necesitas saber para una llegada f\u00e1cil y sin estr\u00e9s. La ciudad cuenta con dos aeropuertos principales:<\/span><\/p>\n<p><span style=\"font-weight: 400;\">\u2708\ufe0f Aeropuerto Internacional de Ezeiza (EZE): Ubicado a unos 40 km del centro, es la puerta de entrada para la mayor\u00eda de los vuelos internacionales.<\/span><\/p>\n<p><span style=\"font-weight: 400;\">\u2708\ufe0f Aeroparque Jorge Newbery (AEP): Situado a solo 10 minutos del centro, recibe vuelos nacionales y algunos regionales.<\/span><\/p>\n<h3><span style=\"font-weight: 400;\">C\u00f3mo llegar desde el aeropuerto al centro de Buenos Aires<\/span><\/h3>\n<p><span style=\"font-weight: 400;\">Una vez aterrices, hay varias opciones para trasladarte a tu alojamiento:<\/span><\/p>\n<p><span style=\"font-weight: 400;\">\u2705 Taxi o remis: Es una de las formas m\u00e1s seguras y r\u00e1pidas. Se recomienda contratar taxis oficiales o servicios como Cabify.<\/span><span style=\"font-weight: 400;\"><br \/><\/span><span style=\"font-weight: 400;\">\u2705 Transporte privado: Empresas como Tienda Le\u00f3n ofrecen traslados en combis y autos particulares.<\/span><span style=\"font-weight: 400;\"><br \/><\/span><span style=\"font-weight: 400;\">\u2705 Transporte p\u00fablico: Desde Ezeiza, el bus 8 llega al centro, aunque es una opci\u00f3n m\u00e1s lenta.<\/span><span style=\"font-weight: 400;\"><br \/><\/span><span style=\"font-weight: 400;\">\u2705 Alquiler de autos: Si plane\u00e1s explorar m\u00e1s all\u00e1 de la ciudad, hay agencias de alquiler en ambos aeropuertos.<\/span><\/p>\n<h3><span style=\"font-weight: 400;\">Consejos para tu llegada en avi\u00f3n<\/span><\/h3>\n<p><span style=\"font-weight: 400;\">\u2714\ufe0f Cambio de dinero: Es recomendable traer algunos pesos argentinos o cambiar en casas de cambio oficiales.<\/span><span style=\"font-weight: 400;\"><br \/><\/span><span style=\"font-weight: 400;\">\u2714\ufe0f Conectividad: En ambos aeropuertos hay WiFi gratis y kioscos donde comprar tarjetas SIM locales.<\/span><span style=\"font-weight: 400;\"><br \/><\/span><span style=\"font-weight: 400;\">\u2714\ufe0f Clima: Buenos Aires tiene un clima templado, pero revis\u00e1 el pron\u00f3stico antes de viajar.<\/span><\/p>\n<p><span style=\"font-weight: 400;\">Explorar la ciudad es f\u00e1cil con subte, buses y taxis, y pronto te sentir\u00e1s como un porte\u00f1o m\u00e1s. \u00a1Bienvenido a Buenos Aires! \ud83c\udde6\ud83c\uddf7\u2728<\/span><\/p>\n<p>[\/et_pb_text][\/et_pb_column][\/et_pb_row][\/et_pb_section][et_pb_section fb_built=\u00bb1&#8243; admin_label=\u00bbTravel options\u00bb _builder_version=\u00bb4.27.2&#8243; _module_preset=\u00bbdefault\u00bb background_color=\u00bb#f3f3f3&#8243; global_colors_info=\u00bb{}\u00bb][et_pb_row custom_padding_last_edited=\u00bbon|desktop\u00bb _builder_version=\u00bb4.27.2&#8243; _module_preset=\u00bbdefault\u00bb custom_padding=\u00bb0px|250px||250px|false|true\u00bb custom_padding_tablet=\u00bb|0px||0px|false|true\u00bb custom_padding_phone=\u00bb|0px||0px|false|true\u00bb global_colors_info=\u00bb{}\u00bb][et_pb_column type=\u00bb4_4&#8243; _builder_version=\u00bb4.27.2&#8243; _module_preset=\u00bbdefault\u00bb global_colors_info=\u00bb{}\u00bb][et_pb_text admin_label=\u00bbTitle\u00bb module_class=\u00bbcategory\u00bb _builder_version=\u00bb4.27.2&#8243; _module_preset=\u00bbdefault\u00bb header_2_font_size=\u00bb48px\u00bb text_orientation=\u00bbcenter\u00bb header_2_font_size_tablet=\u00bb42px\u00bb header_2_font_size_phone=\u00bb36px\u00bb header_2_font_size_last_edited=\u00bbon|phone\u00bb global_colors_info=\u00bb{}\u00bb]<\/p>\n<h2>M\u00e1s informaci\u00f3n sobre viajes a Buenos Aires<\/h2>\n<hr \/>\n<p>[\/et_pb_text][\/et_pb_column][\/et_pb_row][et_pb_row _builder_version=\u00bb4.27.2&#8243; _module_preset=\u00bbdefault\u00bb custom_padding=\u00bb||0px||false|false\u00bb global_colors_info=\u00bb{}\u00bb][et_pb_column type=\u00bb4_4&#8243; _builder_version=\u00bb4.27.2&#8243; _module_preset=\u00bbdefault\u00bb global_colors_info=\u00bb{}\u00bb][dpdfg_filtergrid custom_query=\u00bbposts_ids\u00bb posts_ids=\u00bb253001,253006,253004,253009&#8243; post_number=\u00bb4&#8243; order=\u00bbASC\u00bb thumbnail_size=\u00bbdfg_full\u00bb show_author=\u00bboff\u00bb show_terms=\u00bbon\u00bb hide_all=\u00bbon\u00bb pagination_type=\u00bbbutton\u00bb ajax_load_more_text=\u00bbLoad more guides\u00bb column_gutter=\u00bb3em\u00bb row_gutter=\u00bb3em\u00bb items_skin=\u00bbdp-dfg-skin-default dp-dfg-skin-itemsinoverlay\u00bb grid_font_size=\u00bb14px\u00bb hover_icon=\u00bb&#x55;||divi||400&#8243; overlay_icon_color=\u00bb#FFFFFF\u00bb hover_overlay_color=\u00bbrgba(0,0,0,0.5)\u00bb bg_filters=\u00bb#d1e7f5&#8243; items_width_tablet=\u00bb40%\u00bb items_width_phone=\u00bb30%\u00bb items_width_last_edited=\u00bbon|tablet\u00bb column_gutter_tablet=\u00bb5em\u00bb column_gutter_phone=\u00bb5em\u00bb column_gutter_last_edited=\u00bbon|desktop\u00bb row_gutter_tablet=\u00bb5em\u00bb row_gutter_phone=\u00bb5em\u00bb row_gutter_last_edited=\u00bbon|phone\u00bb admin_label=\u00bbTravel options\u00bb module_class=\u00bbfeatured\u00bb _builder_version=\u00bb4.27.6&#8243; _module_preset=\u00bbdefault\u00bb dpdfg_entry_title_font=\u00bb|700|||||||\u00bb dpdfg_entry_title_text_align=\u00bbcenter\u00bb dpdfg_entry_title_text_color=\u00bb#FFFFFF\u00bb dpdfg_entry_title_font_size=\u00bb24px\u00bb dpdfg_entry_title_line_height=\u00bb1.3em\u00bb dpdfg_entry_meta_text_color=\u00bb#FFFFFF\u00bb dpdfg_entry_meta_font_size=\u00bb17px\u00bb dpdfg_filters_text_color=\u00bb#333333&#8243; custom_load_more_button=\u00bbon\u00bb load_more_button_text_size=\u00bb20px\u00bb load_more_button_text_color=\u00bb#FFFFFF\u00bb load_more_button_bg_color=\u00bb#000000&#8243; load_more_button_border_width=\u00bb0px\u00bb load_more_button_border_radius=\u00bb100px\u00bb load_more_button_font=\u00bb||||||||\u00bb load_more_button_use_icon=\u00bboff\u00bb load_more_button_alignment=\u00bbcenter\u00bb load_more_button_custom_padding=\u00bb5px||||false|true\u00bb module_alignment=\u00bbcenter\u00bb hover_enabled=\u00bb0&#8243; dpdfg_entry_title_font_size_phone=\u00bb28px\u00bb dpdfg_entry_title_font_size_last_edited=\u00bboff|phone\u00bb custom_css_dp-dfg-filters=\u00bbdisplay: none;\u00bb custom_css_entry-header=\u00bbpadding-left: 20px;||padding-right: 20px;\u00bb custom_css_entry-button=\u00bbmargin-top: 30px;\u00bb border_radii=\u00bbon|15px|15px|15px|15px\u00bb border_width_all=\u00bb0px\u00bb global_colors_info=\u00bb{}\u00bb load_more_button_text_color__hover_enabled=\u00bbon|hover\u00bb load_more_button_text_color__hover=\u00bb#333333&#8243; load_more_button_bg_color__hover_enabled=\u00bbon|hover\u00bb load_more_button_bg_color__hover=\u00bb#d1e7f5&#8243; load_more_button_bg_enable_color__hover=\u00bbon\u00bb custom_css_entry-button_last_edited=\u00bbon|desktop\u00bb custom_css_entry-button_phone=\u00bbmargin-top: 10px;\u00bb custom_css_entry-button_tablet=\u00bbmargin-top: 30px;\u00bb items_width=\u00bb22%\u00bb sticky_enabled=\u00bb0&#8243;][\/dpdfg_filtergrid][\/et_pb_column][\/et_pb_row][\/et_pb_section]<\/p>\n","protected":false},"excerpt":{"rendered":"<p>Viajar a Buenos Aires en avi\u00f3nSi est\u00e1s planeando viajar a Buenos Aires en avi\u00f3n, aqu\u00ed encontrar\u00e1s todo lo que necesitas saber para una llegada f\u00e1cil y sin estr\u00e9s. La ciudad cuenta con dos aeropuertos principales: \u2708\ufe0f Aeropuerto Internacional de Ezeiza (EZE): Ubicado a unos 40 km del centro, es la puerta de entrada para la [&hellip;]<\/p>\n","protected":false},"author":1,"featured_media":255694,"parent":253364,"menu_order":0,"comment_status":"closed","ping_status":"closed","template":"","meta":{"_et_pb_use_builder":"on","_et_pb_old_content":"","_et_gb_content_width":"","_lmt_disableupdate":"no","_lmt_disable":"","footnotes":""},"class_list":["post-253369","page","type-page","status-publish","has-post-thumbnail","hentry"],"_links":{"self":[{"href":"https:\/\/viewbuenosaires.com\/es\/wp-json\/wp\/v2\/pages\/253369","targetHints":{"allow":["GET"]}}],"collection":[{"href":"https:\/\/viewbuenosaires.com\/es\/wp-json\/wp\/v2\/pages"}],"about":[{"href":"https:\/\/viewbuenosaires.com\/es\/wp-json\/wp\/v2\/types\/page"}],"author":[{"embeddable":true,"href":"https:\/\/viewbuenosaires.com\/es\/wp-json\/wp\/v2\/users\/1"}],"replies":[{"embeddable":true,"href":"https:\/\/viewbuenosaires.com\/es\/wp-json\/wp\/v2\/comments?post=253369"}],"version-history":[{"count":2,"href":"https:\/\/viewbuenosaires.com\/es\/wp-json\/wp\/v2\/pages\/253369\/revisions"}],"predecessor-version":[{"id":260751,"href":"https:\/\/viewbuenosaires.com\/es\/wp-json\/wp\/v2\/pages\/253369\/revisions\/260751"}],"up":[{"embeddable":true,"href":"https:\/\/viewbuenosaires.com\/es\/wp-json\/wp\/v2\/pages\/253364"}],"wp:featuredmedia":[{"embeddable":true,"href":"https:\/\/viewbuenosaires.com\/es\/wp-json\/wp\/v2\/media\/255694"}],"wp:attachment":[{"href":"https:\/\/viewbuenosaires.com\/es\/wp-json\/wp\/v2\/media?parent=253369"}],"curies":[{"name":"wp","href":"https:\/\/api.w.org\/{rel}","templated":true}]}}