{"id":253359,"date":"2024-10-28T16:09:25","date_gmt":"2024-10-28T19:09:25","guid":{"rendered":"https:\/\/viewbuenosaires.com\/advertising\/"},"modified":"2025-03-28T14:28:14","modified_gmt":"2025-03-28T17:28:14","slug":"publicidad","status":"publish","type":"page","link":"https:\/\/viewbuenosaires.com\/es\/publicidad\/","title":{"rendered":"Publicidad"},"content":{"rendered":"<p>[et_pb_section fb_built=\u00bb1&#8243; admin_label=\u00bbHero\u00bb _builder_version=\u00bb4.27.4&#8243; _module_preset=\u00bbdefault\u00bb background_color=\u00bbrgba(0,0,0,0.2)\u00bb background_image=\u00bbhttps:\/\/viewbuenosaires.com\/wp-content\/uploads\/2024\/11\/explore-more-buenos-aires-1.jpg\u00bb background_last_edited=\u00bbon|phone\u00bb background_image_phone=\u00bbhttps:\/\/viewbuenosaires.com\/wp-content\/uploads\/2024\/11\/main-mobile.jpg\u00bb background_enable_image_phone=\u00bbon\u00bb global_colors_info=\u00bb{}\u00bb][et_pb_row custom_padding_last_edited=\u00bbon|desktop\u00bb _builder_version=\u00bb4.27.2&#8243; _module_preset=\u00bbdefault\u00bb custom_padding=\u00bb100px||100px||true|false\u00bb custom_padding_tablet=\u00bb50px||50px||false|false\u00bb custom_padding_phone=\u00bb40px||40px||false|false\u00bb global_colors_info=\u00bb{}\u00bb][et_pb_column type=\u00bb4_4&#8243; _builder_version=\u00bb4.27.2&#8243; _module_preset=\u00bbdefault\u00bb global_colors_info=\u00bb{}\u00bb][et_pb_text admin_label=\u00bbTitles\u00bb module_class=\u00bbhero\u00bb _builder_version=\u00bb4.27.2&#8243; _module_preset=\u00bbdefault\u00bb header_font=\u00bb|700|||||||\u00bb header_font_size=\u00bb64px\u00bb header_line_height=\u00bb1.1em\u00bb header_3_font=\u00bb|300||on|||||\u00bb header_3_font_size=\u00bb28px\u00bb header_3_letter_spacing=\u00bb2px\u00bb header_3_line_height=\u00bb1.2em\u00bb text_orientation=\u00bbcenter\u00bb background_layout=\u00bbdark\u00bb header_font_size_tablet=\u00bb54px\u00bb header_font_size_phone=\u00bb48px\u00bb header_font_size_last_edited=\u00bbon|phone\u00bb header_3_font_size_tablet=\u00bb26px\u00bb header_3_font_size_phone=\u00bb24px\u00bb header_3_font_size_last_edited=\u00bbon|phone\u00bb global_colors_info=\u00bb{}\u00bb]<\/p>\n<h1>Publicidad<\/h1>\n<p>[\/et_pb_text][\/et_pb_column][\/et_pb_row][\/et_pb_section][et_pb_section fb_built=\u00bb1&#8243; admin_label=\u00bbInformation text\u00bb module_class=\u00bbcategory\u00bb _builder_version=\u00bb4.27.2&#8243; _module_preset=\u00bbdefault\u00bb background_enable_color=\u00bboff\u00bb locked=\u00bboff\u00bb global_colors_info=\u00bb{}\u00bb][et_pb_row custom_padding_last_edited=\u00bbon|tablet\u00bb _builder_version=\u00bb4.27.2&#8243; _module_preset=\u00bbdefault\u00bb custom_padding=\u00bb0px|250px||250px|false|true\u00bb custom_padding_tablet=\u00bb|0px||0px|false|true\u00bb custom_padding_phone=\u00bb|0px||0px|false|true\u00bb global_colors_info=\u00bb{}\u00bb custom_margin=\u00bb-9px|auto||auto||\u00bb][et_pb_column type=\u00bb4_4&#8243; _builder_version=\u00bb4.27.2&#8243; _module_preset=\u00bbdefault\u00bb global_colors_info=\u00bb{}\u00bb][et_pb_text module_class=\u00bbcategory content\u00bb _builder_version=\u00bb4.27.4&#8243; _module_preset=\u00bbdefault\u00bb header_2_font=\u00bb|700|||||||\u00bb header_2_text_align=\u00bbcenter\u00bb header_2_font_size=\u00bb48px\u00bb header_2_line_height=\u00bb1.2em\u00bb hover_enabled=\u00bb0&#8243; header_2_font_size_tablet=\u00bb42px\u00bb header_2_font_size_phone=\u00bb36px\u00bb header_2_font_size_last_edited=\u00bbon|desktop\u00bb locked=\u00bboff\u00bb global_colors_info=\u00bb{}\u00bb sticky_enabled=\u00bb0&#8243;]<\/p>\n<h2 style=\"text-align: center;\"><b>\u00bfDese\u00e1s publicitar en nuestro sitio web?\u00a0<\/b><\/h2>\n<p><span style=\"font-weight: 400;\">Si sos due\u00f1o de una empresa o negocio y est\u00e1s buscando la manera m\u00e1s efectiva de alcanzar una audiencia amplia y variada, nuestro website es el ideal. El sitio ofrece m\u00faltiples opciones de publicidad dise\u00f1adas para maximizar la visibilidad y atraer m\u00e1s clientes.<\/span><\/p>\n<p style=\"text-align: left;\"><b>\u00bfPor qu\u00e9 publicitar con nosotros?<\/b><\/p>\n<ul>\n<li><b>Amplio alcance:<\/b><span style=\"font-weight: 400;\"> nuestro sitio web tiene amplio y constante tr\u00e1fico, lo que asegura que tu aviso sea visto por una numerosa audiencia.<\/span><\/li>\n<li><b>Efectiva Segmentaci\u00f3n de Audiencia: <\/b><span style=\"font-weight: 400;\">\u00a0Ofrecemos herramientas tecnol\u00f3gicas de avanzada para dirigir tu aviso al p\u00fablico adecuado.\u00a0<\/span><\/li>\n<li><b>Resultados comprobables:<\/b><span style=\"font-weight: 400;\"> Proveemos detallados reportes del rendimiento de tus avisos, permiti\u00e9ndote as\u00ed ajustar y optimizar el contenido para mejores resultados.<\/span><\/li>\n<\/ul>\n<p style=\"text-align: left;\"><b>Opciones de espacios de publicidad<\/b><\/p>\n<ul>\n<li><b>Banners:<\/b><span style=\"font-weight: 400;\"> Ubica tu aviso en \u00e1reas estrat\u00e9gicas de nuestro sitio para atraer la atenci\u00f3n de los navegadores.<\/span><\/li>\n<li><b>Publicidad Nativa:<\/b><span style=\"font-weight: 400;\"> Integra tus avisos naturalmente dentro de nuestro contenido, logrando m\u00e1s relevancia e impacto.<\/span><\/li>\n<\/ul>\n<p style=\"text-align: left;\"><b>\u00bfC\u00f3mo contactarnos para publicitar en nuestro sitio?<\/b><\/p>\n<p><span style=\"font-weight: 400;\">Para m\u00e1s informaci\u00f3n sobre las opciones para publicitar en el sitio web y encontrar juntos la mejor manera para alcanzar tus objetivos de marketing, env\u00edanos un e-mail a <\/span><a href=\"mailto:sales@viewamerikas.com\">sales@viewamerikas.com<span style=\"font-weight: 400;\">\u00a0<\/span><\/a><\/p>\n<p><span style=\"font-weight: 400;\">Un miembro de nuestro equipo se contactar\u00e1 para brindarte m\u00e1s detalles y comenzar a planear tu campa\u00f1a.<\/span><\/p>\n<p>[\/et_pb_text][\/et_pb_column][\/et_pb_row][\/et_pb_section][et_pb_section fb_built=\u00bb1&#8243; admin_label=\u00bbInformation text\u00bb module_class=\u00bbcategory\u00bb _builder_version=\u00bb4.27.4&#8243; _module_preset=\u00bbdefault\u00bb background_color=\u00bb#f3f3f3&#8243; locked=\u00bboff\u00bb global_colors_info=\u00bb{}\u00bb][et_pb_row custom_padding_last_edited=\u00bbon|tablet\u00bb _builder_version=\u00bb4.27.2&#8243; _module_preset=\u00bbdefault\u00bb custom_padding=\u00bb0px|250px||250px|false|true\u00bb custom_padding_tablet=\u00bb|0px||0px|false|true\u00bb custom_padding_phone=\u00bb|0px||0px|false|true\u00bb global_colors_info=\u00bb{}\u00bb][et_pb_column type=\u00bb4_4&#8243; _builder_version=\u00bb4.27.2&#8243; _module_preset=\u00bbdefault\u00bb global_colors_info=\u00bb{}\u00bb][et_pb_text module_class=\u00bbcategory content\u00bb _builder_version=\u00bb4.27.4&#8243; _module_preset=\u00bbdefault\u00bb header_2_font=\u00bb|700|||||||\u00bb header_2_text_align=\u00bbcenter\u00bb header_2_font_size=\u00bb48px\u00bb header_2_line_height=\u00bb1.2em\u00bb hover_enabled=\u00bb0&#8243; header_2_font_size_tablet=\u00bb42px\u00bb header_2_font_size_phone=\u00bb36px\u00bb header_2_font_size_last_edited=\u00bbon|desktop\u00bb global_colors_info=\u00bb{}\u00bb sticky_enabled=\u00bb0&#8243;]<\/p>\n<h2 style=\"text-align: center;\">Unite a nuestro equipo de vendedores y clientes<\/h2>\n<p>&nbsp;<\/p>\n<h4><b>\u00bfSos un apasionado\/a de las ventas? Form\u00e1 parte de nuestro equipo<\/b><\/h4>\n<p><span style=\"font-weight: 400;\">Si te consider\u00e1s una persona din\u00e1mica, apasionada por las ventas, y dese\u00e1s ser parte de un equipo en crecimiento, estamos buscando alguien como t\u00fa. En ViewAmerikas, valoramos a los\/las vendedores que se esmeran y ponen sus habilidades al servicio de la conexi\u00f3n con el cliente. Nos enfocamos en ofrecer un espacio de trabajo de cooperaci\u00f3n, donde cada miembro del equipo pueda desarrollarse profesionalmente y alcanzar sus objetivos.<\/span><\/p>\n<p><b>\u00a0<\/b><b>\u00bfQu\u00e9 buscamos en un\/a vendedor\/a?<\/b><\/p>\n<ul>\n<li><b>Pasi\u00f3n por las ventas:<\/b><span style=\"font-weight: 400;\"> Estamos en la b\u00fasqueda de personas con gran motivaci\u00f3n y entusiasmo por las ventas, con la habilidad de generar nuevas oportunidades de negocios.\u00a0<\/span><\/li>\n<li><b>S\u00f3lidas habilidades comunicativas:<\/b><span style=\"font-weight: 400;\"> Consideramos esencial la habilidad para comunicar las ideas de manera clara y efectiva. Nuestro sitio necesita vendedores que puedan entender y cumplir con lo que los clientes necesitan.<\/span><\/li>\n<li><b>Proactividad:<\/b><span style=\"font-weight: 400;\"> Realmente valoramos a los miembros del equipo que tengan iniciativa, y al mismo tiempo se comprometan continuamente a buscar nuevos caminos para mejorar y expandir la cartera de clientes.<\/span><\/li>\n<li><b>Orientaci\u00f3n al cliente: <\/b><span style=\"font-weight: 400;\">La satisfacci\u00f3n del cliente es nuestra prioridad. Buscamos individuos que se interesen por construir lazos a largo plazo, basados en la credibilidad y en el servicio de excelencia.<\/span><\/li>\n<li><b>Valoraci\u00f3n del trabajo en equipo<\/b><span style=\"font-weight: 400;\">: El trabajo en equipo es clave para tener \u00e9xito en el desarrollo grupal. Nos gusta trabajar con gente que sea cooperativa y confiable.<\/span><\/li>\n<\/ul>\n<p><b>\u00bfQu\u00e9 ofrecemos?<\/b><\/p>\n<ul>\n<li><b>Training permanente:<\/b><span style=\"font-weight: 400;\"> Ofrecemos entrenamiento y recursos para ayudarte a desarrollar tus habilidades y alcanzar as\u00ed mayor \u00e9xito en tus tareas.<\/span><\/li>\n<li><b>Ambiente de trabajo positivo:<\/b><span style=\"font-weight: 400;\"> Creemos en la importancia promover un ambiente de trabajo colaborativo y de contenci\u00f3n, donde cada miembro se sienta reconocido.<\/span><\/li>\n<li><b>Oportunidad de crecimiento:<\/b><span style=\"font-weight: 400;\"> Nuestro enfoque en el desarrollo profesional te permitir\u00e1 avanzar y crecer dentro de la empresa.\u00a0<\/span><\/li>\n<\/ul>\n<p><span style=\"font-weight: 400;\">\u00a0<\/span><\/p>\n<h1 style=\"text-align: center;\"><b>\u00bfC\u00f3mo pod\u00e9s unirte a nuestro equipo?<\/b><\/h1>\n<p><span style=\"font-weight: 400;\">\u00a1Es una tarea f\u00e1cil! Simplemente envianos un e-mail a <\/span><a href=\"mailto:contact@viewamerikas.com\"><span style=\"font-weight: 400;\">contact@viewamerikas.com<\/span><\/a><span style=\"font-weight: 400;\"> con tu CV actualizado y una carta de presentaci\u00f3n destacando tu experiencia y las razones que te motivan a unirte a nuestro equipo. Nos contactaremos para comunicarte que pasos seguir, en caso de concretar una entrevista.<\/span><\/p>\n<p>[\/et_pb_text][\/et_pb_column][\/et_pb_row][\/et_pb_section]<\/p>\n","protected":false},"excerpt":{"rendered":"<p>Publicidad\u00bfDese\u00e1s publicitar en nuestro sitio web?\u00a0 Si sos due\u00f1o de una empresa o negocio y est\u00e1s buscando la manera m\u00e1s efectiva de alcanzar una audiencia amplia y variada, nuestro website es el ideal. El sitio ofrece m\u00faltiples opciones de publicidad dise\u00f1adas para maximizar la visibilidad y atraer m\u00e1s clientes. \u00bfPor qu\u00e9 publicitar con nosotros? Amplio [&hellip;]<\/p>\n","protected":false},"author":1,"featured_media":0,"parent":0,"menu_order":0,"comment_status":"closed","ping_status":"closed","template":"","meta":{"_et_pb_use_builder":"on","_et_pb_old_content":"","_et_gb_content_width":"","_lmt_disableupdate":"no","_lmt_disable":"","footnotes":""},"class_list":["post-253359","page","type-page","status-publish","hentry"],"_links":{"self":[{"href":"https:\/\/viewbuenosaires.com\/es\/wp-json\/wp\/v2\/pages\/253359","targetHints":{"allow":["GET"]}}],"collection":[{"href":"https:\/\/viewbuenosaires.com\/es\/wp-json\/wp\/v2\/pages"}],"about":[{"href":"https:\/\/viewbuenosaires.com\/es\/wp-json\/wp\/v2\/types\/page"}],"author":[{"embeddable":true,"href":"https:\/\/viewbuenosaires.com\/es\/wp-json\/wp\/v2\/users\/1"}],"replies":[{"embeddable":true,"href":"https:\/\/viewbuenosaires.com\/es\/wp-json\/wp\/v2\/comments?post=253359"}],"version-history":[{"count":3,"href":"https:\/\/viewbuenosaires.com\/es\/wp-json\/wp\/v2\/pages\/253359\/revisions"}],"predecessor-version":[{"id":258196,"href":"https:\/\/viewbuenosaires.com\/es\/wp-json\/wp\/v2\/pages\/253359\/revisions\/258196"}],"wp:attachment":[{"href":"https:\/\/viewbuenosaires.com\/es\/wp-json\/wp\/v2\/media?parent=253359"}],"curies":[{"name":"wp","href":"https:\/\/api.w.org\/{rel}","templated":true}]}}