{"id":253354,"date":"2024-10-28T16:06:15","date_gmt":"2024-10-28T19:06:15","guid":{"rendered":"https:\/\/viewbuenosaires.com\/contact\/"},"modified":"2026-04-21T16:53:25","modified_gmt":"2026-04-21T19:53:25","slug":"contacto","status":"publish","type":"page","link":"https:\/\/viewbuenosaires.com\/es\/contacto\/","title":{"rendered":"Contacto"},"content":{"rendered":"<p>[et_pb_section fb_built=\u00bb1&#8243; admin_label=\u00bbHero\u00bb _builder_version=\u00bb4.27.4&#8243; _module_preset=\u00bbdefault\u00bb background_color=\u00bbrgba(0,0,0,0.2)\u00bb background_image=\u00bbhttps:\/\/viewbuenosaires.com\/wp-content\/uploads\/2024\/11\/main.jpg\u00bb background_last_edited=\u00bbon|phone\u00bb background_image_phone=\u00bbhttps:\/\/viewbuenosaires.com\/wp-content\/uploads\/2024\/11\/main-mobile.jpg\u00bb background_enable_image_phone=\u00bbon\u00bb global_colors_info=\u00bb{}\u00bb][et_pb_row custom_padding_last_edited=\u00bbon|desktop\u00bb _builder_version=\u00bb4.27.2&#8243; _module_preset=\u00bbdefault\u00bb custom_padding=\u00bb100px||100px||true|false\u00bb custom_padding_tablet=\u00bb50px||50px||false|false\u00bb custom_padding_phone=\u00bb40px||40px||false|false\u00bb global_colors_info=\u00bb{}\u00bb][et_pb_column type=\u00bb4_4&#8243; _builder_version=\u00bb4.27.2&#8243; _module_preset=\u00bbdefault\u00bb global_colors_info=\u00bb{}\u00bb][et_pb_text admin_label=\u00bbTitles\u00bb module_class=\u00bbhero\u00bb _builder_version=\u00bb4.27.4&#8243; _module_preset=\u00bbdefault\u00bb header_font=\u00bb|700|||||||\u00bb header_font_size=\u00bb64px\u00bb header_line_height=\u00bb1.1em\u00bb header_3_font=\u00bb|300||on|||||\u00bb header_3_font_size=\u00bb28px\u00bb header_3_letter_spacing=\u00bb2px\u00bb header_3_line_height=\u00bb1.2em\u00bb text_orientation=\u00bbcenter\u00bb background_layout=\u00bbdark\u00bb header_font_size_tablet=\u00bb54px\u00bb header_font_size_phone=\u00bb48px\u00bb header_font_size_last_edited=\u00bbon|phone\u00bb header_3_font_size_tablet=\u00bb26px\u00bb header_3_font_size_phone=\u00bb24px\u00bb header_3_font_size_last_edited=\u00bbon|phone\u00bb global_colors_info=\u00bb{}\u00bb]<\/p>\n<h1><b>\u00a1Hablemos!<\/b><\/h1>\n<p>[\/et_pb_text][\/et_pb_column][\/et_pb_row][\/et_pb_section][et_pb_section fb_built=\u00bb1&#8243; admin_label=\u00bbInformation text\u00bb module_class=\u00bbcategory\u00bb _builder_version=\u00bb4.27.2&#8243; _module_preset=\u00bbdefault\u00bb background_enable_color=\u00bboff\u00bb locked=\u00bboff\u00bb global_colors_info=\u00bb{}\u00bb][et_pb_row custom_padding_last_edited=\u00bbon|tablet\u00bb _builder_version=\u00bb4.27.2&#8243; _module_preset=\u00bbdefault\u00bb custom_padding=\u00bb0px|250px||250px|false|true\u00bb custom_padding_tablet=\u00bb|0px||0px|false|true\u00bb custom_padding_phone=\u00bb|0px||0px|false|true\u00bb global_colors_info=\u00bb{}\u00bb][et_pb_column type=\u00bb4_4&#8243; _builder_version=\u00bb4.27.2&#8243; _module_preset=\u00bbdefault\u00bb global_colors_info=\u00bb{}\u00bb][et_pb_text module_class=\u00bbcategory content\u00bb _builder_version=\u00bb4.27.6&#8243; _module_preset=\u00bbdefault\u00bb header_2_font_size=\u00bb24px\u00bb header_2_line_height=\u00bb1.2em\u00bb hover_enabled=\u00bb0&#8243; header_2_font_size_tablet=\u00bb20px\u00bb header_2_font_size_phone=\u00bb20px\u00bb header_2_font_size_last_edited=\u00bbon|desktop\u00bb global_colors_info=\u00bb{}\u00bb sticky_enabled=\u00bb0&#8243;]<\/p>\n<h2 style=\"text-align: center;\"><span style=\"font-weight: 400;\">\u00a0<\/span><b>Queremos escucharte<\/b><\/h2>\n<p>&nbsp;<\/p>\n<p style=\"text-align: center;\"><span style=\"font-weight: 400;\">\u00bfTen\u00e9s preguntas sobre Buenos Aires, busc\u00e1s recomendaciones o quer\u00e9s colaborar con nosotros? \u00a1Est\u00e1s en el lugar indicado!<\/span><\/p>\n<p style=\"text-align: center;\"><span style=\"font-weight: 400;\">Explor\u00e1 nuestros recursos y descubr\u00ed los mejores restaurantes, atracciones y experiencias\u00a0 y dem\u00e1s en la ciudad de Buenos Aires.<\/span><\/p>\n<h2 style=\"text-align: center;\"><b>\u00bfNecesit\u00e1s m\u00e1s informaci\u00f3n?<\/b><\/h2>\n<p>&nbsp;<\/p>\n<p style=\"text-align: center;\"><span style=\"font-weight: 400;\">Si todav\u00eda ten\u00e9s dudas, dajanos un mensaje a continuaci\u00f3n. Te responderemos en un plazo de 24 a 48 horas.<\/span><\/p>\n<p style=\"text-align: center;\"><span style=\"font-weight: 400;\">\u00a0<\/span><b>\u00a0\u00a1Gracias por escribirnos! Estamos emocionados de conectar con vos<\/b><\/p>\n<h3 style=\"text-align: center;\"><span style=\"font-weight: 400;\">Nuestro email: <\/span><a href=\"mailto:info@viewbuenosaires.com\"><span style=\"font-weight: 400;\">info@viewbuenosaires.com<\/span><\/a><\/h3>\n<h3 id=\"WhatsApp5491139270606\" style=\"text-align: center;\">WhatsApp:\u00a0<a href=\"https:\/\/wa.me\/message\/4FUPY3JIJL4PI1\" target=\"_blank\" rel=\"nofollow noopener\">+54 9 1130065023<\/a><\/h3>\n<p style=\"text-align: center;\">[\/et_pb_text][\/et_pb_column][\/et_pb_row][\/et_pb_section]<\/p>\n","protected":false},"excerpt":{"rendered":"<p>\u00a1Hablemos!\u00a0Queremos escucharte &nbsp; \u00bfTen\u00e9s preguntas sobre Buenos Aires, busc\u00e1s recomendaciones o quer\u00e9s colaborar con nosotros? \u00a1Est\u00e1s en el lugar indicado! Explor\u00e1 nuestros recursos y descubr\u00ed los mejores restaurantes, atracciones y experiencias\u00a0 y dem\u00e1s en la ciudad de Buenos Aires. \u00bfNecesit\u00e1s m\u00e1s informaci\u00f3n? &nbsp; Si todav\u00eda ten\u00e9s dudas, dajanos un mensaje a continuaci\u00f3n. Te responderemos en [&hellip;]<\/p>\n","protected":false},"author":1,"featured_media":0,"parent":0,"menu_order":0,"comment_status":"closed","ping_status":"closed","template":"","meta":{"_et_pb_use_builder":"on","_et_pb_old_content":"","_et_gb_content_width":"","_lmt_disableupdate":"no","_lmt_disable":"","footnotes":""},"class_list":["post-253354","page","type-page","status-publish","hentry"],"_links":{"self":[{"href":"https:\/\/viewbuenosaires.com\/es\/wp-json\/wp\/v2\/pages\/253354","targetHints":{"allow":["GET"]}}],"collection":[{"href":"https:\/\/viewbuenosaires.com\/es\/wp-json\/wp\/v2\/pages"}],"about":[{"href":"https:\/\/viewbuenosaires.com\/es\/wp-json\/wp\/v2\/types\/page"}],"author":[{"embeddable":true,"href":"https:\/\/viewbuenosaires.com\/es\/wp-json\/wp\/v2\/users\/1"}],"replies":[{"embeddable":true,"href":"https:\/\/viewbuenosaires.com\/es\/wp-json\/wp\/v2\/comments?post=253354"}],"version-history":[{"count":3,"href":"https:\/\/viewbuenosaires.com\/es\/wp-json\/wp\/v2\/pages\/253354\/revisions"}],"predecessor-version":[{"id":261015,"href":"https:\/\/viewbuenosaires.com\/es\/wp-json\/wp\/v2\/pages\/253354\/revisions\/261015"}],"wp:attachment":[{"href":"https:\/\/viewbuenosaires.com\/es\/wp-json\/wp\/v2\/media?parent=253354"}],"curies":[{"name":"wp","href":"https:\/\/api.w.org\/{rel}","templated":true}]}}