{"id":253345,"date":"2024-10-28T15:17:57","date_gmt":"2024-10-28T18:17:57","guid":{"rendered":"https:\/\/viewbuenosaires.com\/about\/"},"modified":"2026-01-09T07:52:44","modified_gmt":"2026-01-09T10:52:44","slug":"sobre","status":"publish","type":"page","link":"https:\/\/viewbuenosaires.com\/es\/sobre\/","title":{"rendered":"Sobre View Buenos Aires"},"content":{"rendered":"<p>[et_pb_section fb_built=\u00bb1&#8243; admin_label=\u00bbHero\u00bb _builder_version=\u00bb4.27.4&#8243; _module_preset=\u00bbdefault\u00bb background_color=\u00bbrgba(0,0,0,0.2)\u00bb background_image=\u00bbhttps:\/\/viewbuenosaires.com\/wp-content\/uploads\/2024\/11\/main.jpg\u00bb background_last_edited=\u00bbon|phone\u00bb background_image_phone=\u00bbhttps:\/\/viewbuenosaires.com\/wp-content\/uploads\/2024\/11\/main-mobile.jpg\u00bb background_enable_image_phone=\u00bbon\u00bb global_colors_info=\u00bb{}\u00bb][et_pb_row custom_padding_last_edited=\u00bbon|desktop\u00bb _builder_version=\u00bb4.27.2&#8243; _module_preset=\u00bbdefault\u00bb custom_padding=\u00bb100px|180px|100px|180px|true|true\u00bb custom_padding_tablet=\u00bb50px|0px|50px|0px|false|true\u00bb custom_padding_phone=\u00bb40px||40px||false|false\u00bb global_colors_info=\u00bb{}\u00bb][et_pb_column type=\u00bb4_4&#8243; _builder_version=\u00bb4.27.2&#8243; _module_preset=\u00bbdefault\u00bb global_colors_info=\u00bb{}\u00bb][et_pb_text admin_label=\u00bbTitles\u00bb module_class=\u00bbhero\u00bb _builder_version=\u00bb4.27.4&#8243; _module_preset=\u00bbdefault\u00bb header_font=\u00bb|700|||||||\u00bb header_font_size=\u00bb64px\u00bb header_line_height=\u00bb1.1em\u00bb header_3_font=\u00bb|300||on|||||\u00bb header_3_font_size=\u00bb28px\u00bb header_3_letter_spacing=\u00bb2px\u00bb header_3_line_height=\u00bb1.2em\u00bb text_orientation=\u00bbcenter\u00bb background_layout=\u00bbdark\u00bb header_font_size_tablet=\u00bb54px\u00bb header_font_size_phone=\u00bb48px\u00bb header_font_size_last_edited=\u00bbon|phone\u00bb header_3_font_size_tablet=\u00bb26px\u00bb header_3_font_size_phone=\u00bb24px\u00bb header_3_font_size_last_edited=\u00bbon|phone\u00bb global_colors_info=\u00bb{}\u00bb]<\/p>\n<h1><b>Sobre View Buenos Aires: Tu gu\u00eda digital de la ciudad<\/b><\/h1>\n<p>[\/et_pb_text][\/et_pb_column][\/et_pb_row][\/et_pb_section][et_pb_section fb_built=\u00bb1&#8243; admin_label=\u00bbInformation text\u00bb module_class=\u00bbcategory\u00bb _builder_version=\u00bb4.27.2&#8243; _module_preset=\u00bbdefault\u00bb background_enable_color=\u00bboff\u00bb locked=\u00bboff\u00bb global_colors_info=\u00bb{}\u00bb][et_pb_row custom_padding_last_edited=\u00bbon|tablet\u00bb _builder_version=\u00bb4.27.2&#8243; _module_preset=\u00bbdefault\u00bb custom_padding=\u00bb0px|250px||250px|false|true\u00bb custom_padding_tablet=\u00bb|0px||0px|false|true\u00bb custom_padding_phone=\u00bb|0px||0px|false|true\u00bb global_colors_info=\u00bb{}\u00bb][et_pb_column type=\u00bb4_4&#8243; _builder_version=\u00bb4.27.2&#8243; _module_preset=\u00bbdefault\u00bb global_colors_info=\u00bb{}\u00bb][et_pb_text admin_label=\u00bbDescubr\u00ed Buenos Aires como nunca antes\u00bb module_class=\u00bbcategory content\u00bb _builder_version=\u00bb4.27.4&#8243; _module_preset=\u00bbdefault\u00bb header_2_text_align=\u00bbcenter\u00bb header_2_font_size=\u00bb48px\u00bb header_2_line_height=\u00bb1.2em\u00bb header_2_font_size_tablet=\u00bb42px\u00bb header_2_font_size_phone=\u00bb36px\u00bb header_2_font_size_last_edited=\u00bbon|desktop\u00bb global_colors_info=\u00bb{}\u00bb]<\/p>\n<h2 style=\"text-align: center;\"><span style=\"font-weight: 400;\">Descubr\u00ed Buenos Aires como nunca antes<\/span><\/h2>\n<p style=\"text-align: center;\"><span style=\"font-weight: 400;\">Buenos Aires no es solo una ciudad; es una pasi\u00f3n, un ritmo, un viaje infinito por descubrir. Pero, \u00bfc\u00f3mo encontrar las experiencias m\u00e1s aut\u00e9nticas m\u00e1s all\u00e1 de los t\u00edpicos circuitos tur\u00edsticos?<\/span><\/p>\n<p style=\"text-align: center;\"><span style=\"font-weight: 400;\">En <\/span><b>View Buenos Aires<\/b><span style=\"font-weight: 400;\">, te llevamos directo al coraz\u00f3n de la ciudad. Desde bares ocultos y restaurantes premiados hasta lugares emblem\u00e1ticos y secretos locales, nuestra gu\u00eda digital te ayuda a explorar la Buenos Aires que solo los locales conocen.<\/span><\/p>\n<h3 style=\"text-align: center;\"><b>Descubr\u00ed. Disfrut\u00e1. Viv\u00ed.<\/b><\/h3>\n<p style=\"text-align: center;\"><span style=\"font-weight: 400;\">Tu aventura comienza ac\u00e1.<\/span><\/p>\n<p>[\/et_pb_text][et_pb_text admin_label=\u00bbNewsletter\u00bb module_class=\u00bbcategory content\u00bb _builder_version=\u00bb4.27.4&#8243; _module_preset=\u00bbdefault\u00bb header_2_text_align=\u00bbcenter\u00bb header_2_font_size=\u00bb48px\u00bb header_2_line_height=\u00bb1.2em\u00bb header_2_font_size_tablet=\u00bb42px\u00bb header_2_font_size_phone=\u00bb36px\u00bb header_2_font_size_last_edited=\u00bbon|desktop\u00bb global_colors_info=\u00bb{}\u00bb]<\/p>\n<h3 style=\"text-align: center;\"><span style=\"font-weight: 400;\">Newsletter<\/span><\/h3>\n<p>[\/et_pb_text][et_pb_button button_url=\u00bbhttps:\/\/viewbuenosaires.com\/es\/contacto\/\u00bb button_text=\u00bbSuscribirme ahora\u00bb button_alignment=\u00bbcenter\u00bb _builder_version=\u00bb4.27.4&#8243; _module_preset=\u00bbdefault\u00bb custom_button=\u00bbon\u00bb button_text_color=\u00bb#FFFFFF\u00bb button_bg_color=\u00bb#5c8cb2&#8243; button_border_color=\u00bb#5c8cb2&#8243; button_border_radius=\u00bb60px\u00bb button_use_icon=\u00bboff\u00bb custom_padding=\u00bb|30px||30px|false|true\u00bb global_colors_info=\u00bb{}\u00bb button_bg_color__hover_enabled=\u00bbon|desktop\u00bb button_bg_color__hover=\u00bb#000000&#8243; button_bg_enable_color__hover=\u00bbon\u00bb button_border_color__hover_enabled=\u00bbon|desktop\u00bb button_border_color__hover=\u00bb#000000&#8243;][\/et_pb_button][et_pb_text admin_label=\u00bbConoc\u00e9 al Equipo Detr\u00e1s de View Buenos Aires\u00bb module_class=\u00bbcategory\u00bb _builder_version=\u00bb4.27.4&#8243; _module_preset=\u00bbdefault\u00bb ul_line_height=\u00bb1.5em\u00bb header_2_text_align=\u00bbcenter\u00bb header_2_font_size=\u00bb44px\u00bb header_2_line_height=\u00bb1.2em\u00bb background_color=\u00bbRGBA(255,255,255,0)\u00bb custom_padding=\u00bb30px||||false|false\u00bb header_2_font_size_tablet=\u00bb42px\u00bb header_2_font_size_phone=\u00bb36px\u00bb header_2_font_size_last_edited=\u00bbon|phone\u00bb global_colors_info=\u00bb{}\u00bb]<\/p>\n<h2><span style=\"font-weight: 400;\">Conoc\u00e9 al Equipo Detr\u00e1s de View Buenos Aires<\/span><\/h2>\n<hr \/>\n<p><span style=\"font-weight: 400;\">Somos m\u00e1s que entusiastas del viaje; somos narradores, exploradores y amantes de Buenos Aires. Para nosotros, viajar no es solo conocer un lugar, sino sentir su esencia, saborear sus sabores y vivir su cultura.<\/span><\/p>\n<p><span style=\"font-weight: 400;\">Cada recomendaci\u00f3n en View Buenos Aires es seleccionada con un solo objetivo: que vivas la ciudad como un verdadero local. Desde sitios emblem\u00e1ticos hasta rincones ocultos, nos aseguramos de que tu experiencia en Buenos Aires sea simplemente inolvidable.<\/span><\/p>\n<p><span style=\"font-weight: 400;\">\u2714 Miles de viajeros y locales conf\u00edan en nosotros<\/span><span style=\"font-weight: 400;\"><br \/><\/span><span style=\"font-weight: 400;\"> \u2714 Recomendaciones expertas en turismo y gastronom\u00eda<\/span><span style=\"font-weight: 400;\"><br \/><\/span><span style=\"font-weight: 400;\"> \u2714 Informaci\u00f3n actualizada y aprobada por conocedores de la ciudad<\/span><\/p>\n<p>[\/et_pb_text][et_pb_text admin_label=\u00bb\u00a1Unite a nuestra comunidad y recib\u00ed tips exclusivos!\u00bb module_class=\u00bbcategory content\u00bb _builder_version=\u00bb4.27.4&#8243; _module_preset=\u00bbdefault\u00bb header_2_text_align=\u00bbcenter\u00bb header_2_font_size=\u00bb48px\u00bb header_2_line_height=\u00bb1.2em\u00bb header_2_font_size_tablet=\u00bb42px\u00bb header_2_font_size_phone=\u00bb36px\u00bb header_2_font_size_last_edited=\u00bbon|desktop\u00bb global_colors_info=\u00bb{}\u00bb]<\/p>\n<h2><span style=\"font-weight: 400;\">\u00a1Unite a nuestra comunidad y recib\u00ed tips exclusivos!<\/span><\/h2>\n<p style=\"text-align: center;\"><span style=\"font-weight: 400;\">Suscribite a nuestro newsletter y acced\u00e9 a consejos locales, descuentos especiales y contenido exclusivo sobre Buenos Aires.<\/span><\/p>\n<p>[\/et_pb_text][et_pb_button button_url=\u00bbhttps:\/\/viewbuenosaires.com\/es\/contacto\/\u00bb button_text=\u00bbSuscribirme ahora\u00bb button_alignment=\u00bbcenter\u00bb admin_label=\u00bbSuscribirme ahora\u00bb _builder_version=\u00bb4.27.4&#8243; _module_preset=\u00bbdefault\u00bb custom_button=\u00bbon\u00bb button_text_color=\u00bb#FFFFFF\u00bb button_bg_color=\u00bb#5c8cb2&#8243; button_border_color=\u00bb#5c8cb2&#8243; button_border_radius=\u00bb60px\u00bb button_use_icon=\u00bboff\u00bb custom_padding=\u00bb|30px||30px|false|true\u00bb global_colors_info=\u00bb{}\u00bb button_bg_color__hover_enabled=\u00bbon|desktop\u00bb button_bg_color__hover=\u00bb#000000&#8243; button_bg_enable_color__hover=\u00bbon\u00bb button_border_color__hover_enabled=\u00bbon|desktop\u00bb button_border_color__hover=\u00bb#000000&#8243;][\/et_pb_button][\/et_pb_column][\/et_pb_row][\/et_pb_section]<\/p>\n","protected":false},"excerpt":{"rendered":"<p>Sobre View Buenos Aires: Tu gu\u00eda digital de la ciudadDescubr\u00ed Buenos Aires como nunca antes Buenos Aires no es solo una ciudad; es una pasi\u00f3n, un ritmo, un viaje infinito por descubrir. Pero, \u00bfc\u00f3mo encontrar las experiencias m\u00e1s aut\u00e9nticas m\u00e1s all\u00e1 de los t\u00edpicos circuitos tur\u00edsticos? En View Buenos Aires, te llevamos directo al coraz\u00f3n [&hellip;]<\/p>\n","protected":false},"author":1,"featured_media":0,"parent":0,"menu_order":0,"comment_status":"closed","ping_status":"closed","template":"","meta":{"_et_pb_use_builder":"on","_et_pb_old_content":"","_et_gb_content_width":"","_lmt_disableupdate":"no","_lmt_disable":"","footnotes":""},"class_list":["post-253345","page","type-page","status-publish","hentry"],"_links":{"self":[{"href":"https:\/\/viewbuenosaires.com\/es\/wp-json\/wp\/v2\/pages\/253345","targetHints":{"allow":["GET"]}}],"collection":[{"href":"https:\/\/viewbuenosaires.com\/es\/wp-json\/wp\/v2\/pages"}],"about":[{"href":"https:\/\/viewbuenosaires.com\/es\/wp-json\/wp\/v2\/types\/page"}],"author":[{"embeddable":true,"href":"https:\/\/viewbuenosaires.com\/es\/wp-json\/wp\/v2\/users\/1"}],"replies":[{"embeddable":true,"href":"https:\/\/viewbuenosaires.com\/es\/wp-json\/wp\/v2\/comments?post=253345"}],"version-history":[{"count":3,"href":"https:\/\/viewbuenosaires.com\/es\/wp-json\/wp\/v2\/pages\/253345\/revisions"}],"predecessor-version":[{"id":258193,"href":"https:\/\/viewbuenosaires.com\/es\/wp-json\/wp\/v2\/pages\/253345\/revisions\/258193"}],"wp:attachment":[{"href":"https:\/\/viewbuenosaires.com\/es\/wp-json\/wp\/v2\/media?parent=253345"}],"curies":[{"name":"wp","href":"https:\/\/api.w.org\/{rel}","templated":true}]}}